{"id":50575,"date":"2026-01-03T19:14:42","date_gmt":"2026-01-03T23:14:42","guid":{"rendered":"https:\/\/www.ibros.fr\/?page_id=50575"},"modified":"2026-01-03T20:04:01","modified_gmt":"2026-01-04T00:04:01","slug":"ibros-movie-services","status":"publish","type":"page","link":"https:\/\/www.ibros.fr\/?page_id=50575","title":{"rendered":"ibros movie services"},"content":{"rendered":"<p>[et_pb_section fb_built=\u00a0\u00bb1&Prime; _builder_version=\u00a0\u00bb4.24.3&Prime; _module_preset=\u00a0\u00bbdefault\u00a0\u00bb global_colors_info=\u00a0\u00bb{}\u00a0\u00bb][et_pb_row _builder_version=\u00a0\u00bb4.24.3&Prime; _module_preset=\u00a0\u00bbdefault\u00a0\u00bb global_colors_info=\u00a0\u00bb{}\u00a0\u00bb][et_pb_column type=\u00a0\u00bb4_4&Prime; _builder_version=\u00a0\u00bb4.24.3&Prime; _module_preset=\u00a0\u00bbdefault\u00a0\u00bb global_colors_info=\u00a0\u00bb{}\u00a0\u00bb][et_pb_text _builder_version=\u00a0\u00bb4.24.3&Prime; _module_preset=\u00a0\u00bb611b1a58-01b7-42d5-b963-29dd21989b5b\u00a0\u00bb header_2_font=\u00a0\u00bbPoppins|||on|||||\u00a0\u00bb text_orientation=\u00a0\u00bbcenter\u00a0\u00bb global_colors_info=\u00a0\u00bb{}\u00a0\u00bb]<\/p>\n<h2>Nos services<\/h2>\n<p>[\/et_pb_text][\/et_pb_column][\/et_pb_row][\/et_pb_section][et_pb_section fb_built=\u00a0\u00bb1&Prime; admin_label=\u00a0\u00bbPackages\u00a0\u00bb _builder_version=\u00a0\u00bb4.20.0&Prime; _module_preset=\u00a0\u00bbdefault\u00a0\u00bb collapsed=\u00a0\u00bbon\u00a0\u00bb global_colors_info=\u00a0\u00bb{}\u00a0\u00bb][et_pb_row _builder_version=\u00a0\u00bb4.20.0&Prime; _module_preset=\u00a0\u00bbdefault\u00a0\u00bb global_colors_info=\u00a0\u00bb{}\u00a0\u00bb][et_pb_column type=\u00a0\u00bb4_4&Prime; _builder_version=\u00a0\u00bb4.20.0&Prime; _module_preset=\u00a0\u00bbdefault\u00a0\u00bb global_colors_info=\u00a0\u00bb{}\u00a0\u00bb][et_pb_text _builder_version=\u00a0\u00bb4.24.3&Prime; _module_preset=\u00a0\u00bb611b1a58-01b7-42d5-b963-29dd21989b5b\u00a0\u00bb header_2_font=\u00a0\u00bbPoppins|||on|||||\u00a0\u00bb background_color=\u00a0\u00bb#FFFFFF\u00a0\u00bb text_orientation=\u00a0\u00bbcenter\u00a0\u00bb global_colors_info=\u00a0\u00bb{}\u00a0\u00bb]<\/p>\n<h2>Kayak transparent<\/h2>\n<h2>by drone<\/h2>\n<p>[\/et_pb_text][et_pb_text _builder_version=\u00a0\u00bb4.24.3&Prime; _module_preset=\u00a0\u00bbdefault\u00a0\u00bb text_font=\u00a0\u00bbPoppins||||||||\u00a0\u00bb global_colors_info=\u00a0\u00bb{}\u00a0\u00bb]<\/p>\n<h2 data-start=\"212\" data-end=\"274\">Nos offres de shooting photo &amp; drone en kayak transparent<\/h2>\n<p data-start=\"275\" data-end=\"303\"><strong data-start=\"275\" data-end=\"303\">iBros Movie \u2013 Guadeloupe<\/strong><\/p>\n<p data-start=\"305\" data-end=\"631\">Vivez une exp\u00e9rience unique au c\u0153ur des eaux turquoise de la Guadeloupe avec nos <strong data-start=\"386\" data-end=\"434\">shootings photo &amp; drone en kayak transparent<\/strong>, dans un d\u00e9cor naturel d\u2019exception. Toutes nos offres incluent la <strong data-start=\"501\" data-end=\"534\">location du kayak transparent<\/strong>, la <strong data-start=\"539\" data-end=\"561\">d\u00e9coration florale<\/strong>, un <strong data-start=\"566\" data-end=\"592\">shooting professionnel<\/strong> et des contenus pr\u00eats \u00e0 \u00eatre partag\u00e9s.<\/p>\n<p>[\/et_pb_text][\/et_pb_column][\/et_pb_row][et_pb_row column_structure=\u00a0\u00bb1_2,1_2&Prime; _builder_version=\u00a0\u00bb4.20.0&Prime; _module_preset=\u00a0\u00bbdefault\u00a0\u00bb global_colors_info=\u00a0\u00bb{}\u00a0\u00bb][et_pb_column type=\u00a0\u00bb1_2&Prime; _builder_version=\u00a0\u00bb4.20.0&Prime; _module_preset=\u00a0\u00bbdefault\u00a0\u00bb custom_padding=\u00a0\u00bb|40px||40px|true|true\u00a0\u00bb custom_padding_tablet=\u00a0\u00bb|||0px|false|false\u00a0\u00bb custom_padding_phone=\u00a0\u00bb||||false|false\u00a0\u00bb custom_padding_last_edited=\u00a0\u00bbon|phone\u00a0\u00bb global_colors_info=\u00a0\u00bb{}\u00a0\u00bb][et_pb_image src=\u00a0\u00bbhttp:\/\/www.ibros.fr\/wp-content\/uploads\/2026\/01\/Capture-decran-2025-12-31-a-11.40.53-1-scaled.jpg\u00a0\u00bb title_text=\u00a0\u00bbScreenshot\u00a0\u00bb _builder_version=\u00a0\u00bb4.24.3&Prime; _module_preset=\u00a0\u00bbdefault\u00a0\u00bb custom_margin=\u00a0\u00bb30px||||false|false\u00a0\u00bb locked=\u00a0\u00bboff\u00a0\u00bb global_colors_info=\u00a0\u00bb{}\u00a0\u00bb][\/et_pb_image][et_pb_text _builder_version=\u00a0\u00bb4.24.3&Prime; _module_preset=\u00a0\u00bb0bdff8c6-3d2f-4af7-a0e8-e6741c36576f\u00a0\u00bb header_3_font=\u00a0\u00bbPoppins||||||||\u00a0\u00bb custom_margin=\u00a0\u00bb||10px||false|false\u00a0\u00bb global_colors_info=\u00a0\u00bb{}\u00a0\u00bb]<\/p>\n<h3><strong>\ud83c\udf3a Offre Solo\u2013 1 personne<\/strong><\/h3>\n<p>[\/et_pb_text][et_pb_text _builder_version=\u00a0\u00bb4.24.3&Prime; _module_preset=\u00a0\u00bb64b69044-1def-4058-a9d4-b1f8436ec325&Prime; header_4_letter_spacing=\u00a0\u00bb0em\u00a0\u00bb custom_margin=\u00a0\u00bb||10px||false|false\u00a0\u00bb global_colors_info=\u00a0\u00bb{}\u00a0\u00bb]<\/p>\n<h4>90 euros<\/h4>\n<p>Id\u00e9al pour un souvenir de vacances, un contenu lifestyle ou r\u00e9seaux sociaux.<\/p>\n<p>[\/et_pb_text][et_pb_text _builder_version=\u00a0\u00bb4.24.3&Prime; _module_preset=\u00a0\u00bb795d033a-c07b-4737-bd21-dd2ce3a1dda2&Prime; custom_margin=\u00a0\u00bb||0px||false|false\u00a0\u00bb global_colors_info=\u00a0\u00bb{}\u00a0\u00bb]<\/p>\n<ul>\n<li data-start=\"782\" data-end=\"818\">\n<p data-start=\"784\" data-end=\"818\">Location du kayak transparent (1h)<\/p>\n<\/li>\n<li data-start=\"819\" data-end=\"848\">\n<p data-start=\"821\" data-end=\"848\">D\u00e9coration florale du kayak<\/p>\n<\/li>\n<li data-start=\"849\" data-end=\"901\">\n<p data-start=\"851\" data-end=\"901\">Shooting photo professionnel + prises de vue drone<\/p>\n<\/li>\n<li data-start=\"902\" data-end=\"941\">\n<p data-start=\"904\" data-end=\"941\"><strong data-start=\"904\" data-end=\"941\">8 photos \u00e9dit\u00e9es en haute qualit\u00e9<\/strong><\/p>\n<\/li>\n<li data-start=\"942\" data-end=\"970\">\n<p data-start=\"944\" data-end=\"970\"><strong data-start=\"944\" data-end=\"970\">Vid\u00e9os brutes incluses<\/strong><\/p>\n<\/li>\n<\/ul>\n<p>[\/et_pb_text][\/et_pb_column][et_pb_column type=\u00a0\u00bb1_2&Prime; _builder_version=\u00a0\u00bb4.20.0&Prime; _module_preset=\u00a0\u00bbdefault\u00a0\u00bb custom_padding=\u00a0\u00bb|40px||40px|true|true\u00a0\u00bb custom_padding_tablet=\u00a0\u00bb|||0px|false|false\u00a0\u00bb custom_padding_phone=\u00a0\u00bb||||false|false\u00a0\u00bb custom_padding_last_edited=\u00a0\u00bbon|phone\u00a0\u00bb global_colors_info=\u00a0\u00bb{}\u00a0\u00bb][et_pb_image src=\u00a0\u00bbhttp:\/\/www.ibros.fr\/wp-content\/uploads\/2026\/01\/Capture-decran-2025-12-31-a-12.45.27-scaled.jpg\u00a0\u00bb title_text=\u00a0\u00bbScreenshot\u00a0\u00bb _builder_version=\u00a0\u00bb4.24.3&Prime; _module_preset=\u00a0\u00bbdefault\u00a0\u00bb custom_margin=\u00a0\u00bb30px||||false|false\u00a0\u00bb locked=\u00a0\u00bboff\u00a0\u00bb global_colors_info=\u00a0\u00bb{}\u00a0\u00bb][\/et_pb_image][et_pb_text _builder_version=\u00a0\u00bb4.24.3&Prime; _module_preset=\u00a0\u00bb0bdff8c6-3d2f-4af7-a0e8-e6741c36576f\u00a0\u00bb header_4_font=\u00a0\u00bbPoppins|600||on|||||\u00a0\u00bb custom_margin=\u00a0\u00bb||10px||false|false\u00a0\u00bb global_colors_info=\u00a0\u00bb{}\u00a0\u00bb]<\/p>\n<h4><strong>\u2764\ufe0f Offre Couple \u2013 2 personnes<\/strong><\/h4>\n<p>[\/et_pb_text][et_pb_text _builder_version=\u00a0\u00bb4.24.3&Prime; _module_preset=\u00a0\u00bb64b69044-1def-4058-a9d4-b1f8436ec325&Prime; header_4_letter_spacing=\u00a0\u00bb0em\u00a0\u00bb custom_margin=\u00a0\u00bb||10px||false|false\u00a0\u00bb locked=\u00a0\u00bboff\u00a0\u00bb global_colors_info=\u00a0\u00bb{}\u00a0\u00bb]<\/p>\n<h4>180 euros<\/h4>\n<p>Pens\u00e9e pour les amis, EVJF ou contenus fun et \u00e9l\u00e9gants.<\/p>\n<p>[\/et_pb_text][et_pb_text _builder_version=\u00a0\u00bb4.24.3&Prime; _module_preset=\u00a0\u00bb795d033a-c07b-4737-bd21-dd2ce3a1dda2&Prime; custom_margin=\u00a0\u00bb||0px||false|false\u00a0\u00bb global_colors_info=\u00a0\u00bb{}\u00a0\u00bb]<\/p>\n<ul>\n<li data-start=\"1135\" data-end=\"1171\">\n<p data-start=\"1137\" data-end=\"1171\">Location du kayak transparent (1h)<\/p>\n<\/li>\n<li data-start=\"1172\" data-end=\"1201\">\n<p data-start=\"1174\" data-end=\"1201\">D\u00e9coration florale du kayak<\/p>\n<\/li>\n<li data-start=\"1202\" data-end=\"1243\">\n<p data-start=\"1204\" data-end=\"1243\">Shooting photo &amp; drone pour 2 personnes<\/p>\n<\/li>\n<li data-start=\"1244\" data-end=\"1284\">\n<p data-start=\"1246\" data-end=\"1284\"><strong data-start=\"1246\" data-end=\"1284\">16 photos \u00e9dit\u00e9es en haute qualit\u00e9<\/strong><\/p>\n<\/li>\n<li data-start=\"1285\" data-end=\"1313\">\n<p data-start=\"1287\" data-end=\"1313\"><strong data-start=\"1287\" data-end=\"1313\">Vid\u00e9os brutes incluses<\/strong><\/p>\n<\/li>\n<\/ul>\n<p>[\/et_pb_text][\/et_pb_column][\/et_pb_row][et_pb_row column_structure=\u00a0\u00bb1_2,1_2&Prime; _builder_version=\u00a0\u00bb4.20.0&Prime; _module_preset=\u00a0\u00bbdefault\u00a0\u00bb global_colors_info=\u00a0\u00bb{}\u00a0\u00bb][et_pb_column type=\u00a0\u00bb1_2&Prime; _builder_version=\u00a0\u00bb4.20.0&Prime; _module_preset=\u00a0\u00bbdefault\u00a0\u00bb custom_padding=\u00a0\u00bb|40px||40px|true|true\u00a0\u00bb custom_padding_tablet=\u00a0\u00bb|||0px|false|false\u00a0\u00bb custom_padding_phone=\u00a0\u00bb||||false|false\u00a0\u00bb custom_padding_last_edited=\u00a0\u00bbon|phone\u00a0\u00bb global_colors_info=\u00a0\u00bb{}\u00a0\u00bb][et_pb_image src=\u00a0\u00bbhttp:\/\/www.ibros.fr\/wp-content\/uploads\/2026\/01\/P1210122-scaled.jpg\u00a0\u00bb title_text=\u00a0\u00bbAnafi 1.8.2&Prime; _builder_version=\u00a0\u00bb4.24.3&Prime; _module_preset=\u00a0\u00bbdefault\u00a0\u00bb custom_margin=\u00a0\u00bb30px||||false|false\u00a0\u00bb locked=\u00a0\u00bboff\u00a0\u00bb global_colors_info=\u00a0\u00bb{}\u00a0\u00bb][\/et_pb_image][et_pb_text _builder_version=\u00a0\u00bb4.24.3&Prime; _module_preset=\u00a0\u00bb0bdff8c6-3d2f-4af7-a0e8-e6741c36576f\u00a0\u00bb custom_margin=\u00a0\u00bb||10px||false|false\u00a0\u00bb hover_enabled=\u00a0\u00bb0&Prime; global_colors_info=\u00a0\u00bb{}\u00a0\u00bb sticky_enabled=\u00a0\u00bb0&Prime;]<\/p>\n<h4>\ud83d\udc6f Offre PAGNETTES \u2013 2 personnes<\/h4>\n<p>[\/et_pb_text][et_pb_text _builder_version=\u00a0\u00bb4.24.3&Prime; _module_preset=\u00a0\u00bb64b69044-1def-4058-a9d4-b1f8436ec325&Prime; header_4_letter_spacing=\u00a0\u00bb0em\u00a0\u00bb custom_margin=\u00a0\u00bb||10px||false|false\u00a0\u00bb global_colors_info=\u00a0\u00bb{}\u00a0\u00bb]<\/p>\n<h4>160 euros<\/h4>\n<h4>Pens\u00e9e pour les amis, EVJF ou contenus fun et \u00e9l\u00e9gants.<\/h4>\n<p>[\/et_pb_text][et_pb_text _builder_version=\u00a0\u00bb4.24.3&Prime; _module_preset=\u00a0\u00bb795d033a-c07b-4737-bd21-dd2ce3a1dda2&Prime; custom_margin=\u00a0\u00bb||0px||false|false\u00a0\u00bb global_colors_info=\u00a0\u00bb{}\u00a0\u00bb]<\/p>\n<ul>\n<li data-start=\"1448\" data-end=\"1484\">\n<p data-start=\"1450\" data-end=\"1484\">Location du kayak transparent (1h)<\/p>\n<\/li>\n<li data-start=\"1485\" data-end=\"1514\">\n<p data-start=\"1487\" data-end=\"1514\">D\u00e9coration florale du kayak<\/p>\n<\/li>\n<li data-start=\"1515\" data-end=\"1556\">\n<p data-start=\"1517\" data-end=\"1556\">Shooting photo &amp; drone pour 2 personnes<\/p>\n<\/li>\n<li data-start=\"1557\" data-end=\"1597\">\n<p data-start=\"1559\" data-end=\"1597\"><strong data-start=\"1559\" data-end=\"1597\">16 photos \u00e9dit\u00e9es en haute qualit\u00e9<\/strong><\/p>\n<\/li>\n<li data-start=\"1598\" data-end=\"1626\">\n<p data-start=\"1600\" data-end=\"1626\"><strong data-start=\"1600\" data-end=\"1626\">Vid\u00e9os brutes incluses<\/strong><\/p>\n<\/li>\n<\/ul>\n<p>[\/et_pb_text][\/et_pb_column][et_pb_column type=\u00a0\u00bb1_2&Prime; _builder_version=\u00a0\u00bb4.20.0&Prime; _module_preset=\u00a0\u00bbdefault\u00a0\u00bb custom_padding=\u00a0\u00bb|40px||40px|true|true\u00a0\u00bb custom_padding_tablet=\u00a0\u00bb|||0px|false|false\u00a0\u00bb custom_padding_phone=\u00a0\u00bb||||false|false\u00a0\u00bb custom_padding_last_edited=\u00a0\u00bbon|phone\u00a0\u00bb global_colors_info=\u00a0\u00bb{}\u00a0\u00bb][\/et_pb_column][\/et_pb_row][\/et_pb_section][et_pb_section fb_built=\u00a0\u00bb1&Prime; admin_label=\u00a0\u00bbTestimonials\u00a0\u00bb _builder_version=\u00a0\u00bb4.20.0&Prime; _module_preset=\u00a0\u00bbdefault\u00a0\u00bb collapsed=\u00a0\u00bbon\u00a0\u00bb global_colors_info=\u00a0\u00bb{}\u00a0\u00bb][\/et_pb_section]<\/p>\n","protected":false},"excerpt":{"rendered":"<p>Nos servicesKayak transparent by droneNos offres de shooting photo &amp; drone en kayak transparent iBros Movie \u2013 Guadeloupe Vivez une exp\u00e9rience unique au c\u0153ur des eaux turquoise de la Guadeloupe avec nos shootings photo &amp; drone en kayak transparent, dans un d\u00e9cor naturel d\u2019exception. Toutes nos offres incluent la location du kayak transparent, la d\u00e9coration [&hellip;]<\/p>\n","protected":false},"author":1,"featured_media":50552,"parent":0,"menu_order":0,"comment_status":"closed","ping_status":"closed","template":"","meta":{"_et_pb_use_builder":"on","_et_pb_old_content":"","_et_gb_content_width":"","footnotes":""},"class_list":["post-50575","page","type-page","status-publish","has-post-thumbnail","hentry"],"yoast_head":"<!-- This site is optimized with the Yoast SEO plugin v26.6 - https:\/\/yoast.com\/wordpress\/plugins\/seo\/ -->\n<title>ibros movie services | Ibros<\/title>\n<meta name=\"description\" content=\"D\u00e9couvrez la photographie drone kayak transparent en Guadeloupe et sublimez votre exp\u00e9rience avec des images professionnelles.\" \/>\n<meta name=\"robots\" content=\"index, follow, max-snippet:-1, max-image-preview:large, max-video-preview:-1\" \/>\n<link rel=\"canonical\" href=\"https:\/\/www.ibros.fr\/?page_id=50575\" \/>\n<meta property=\"og:locale\" content=\"fr_FR\" \/>\n<meta property=\"og:type\" content=\"article\" \/>\n<meta property=\"og:title\" content=\"ibros movie services | Ibros\" \/>\n<meta property=\"og:description\" content=\"D\u00e9couvrez la photographie drone kayak transparent en Guadeloupe et sublimez votre exp\u00e9rience avec des images professionnelles.\" \/>\n<meta property=\"og:url\" content=\"https:\/\/www.ibros.fr\/?page_id=50575\" \/>\n<meta property=\"og:site_name\" content=\"Ibros\" \/>\n<meta property=\"article:publisher\" content=\"https:\/\/www.facebook.com\/IBros-Informatique-de-proximit%c3%a9-697463817307367\/\" \/>\n<meta property=\"article:modified_time\" content=\"2026-01-04T00:04:01+00:00\" \/>\n<meta property=\"og:image\" content=\"https:\/\/www.ibros.fr\/wp-content\/uploads\/2026\/01\/Capture-decran-2025-12-31-a-11.40.53-scaled.jpg\" \/>\n\t<meta property=\"og:image:width\" content=\"2560\" \/>\n\t<meta property=\"og:image:height\" content=\"1386\" \/>\n\t<meta property=\"og:image:type\" content=\"image\/jpeg\" \/>\n<meta name=\"twitter:label1\" content=\"Dur\u00e9e de lecture estim\u00e9e\" \/>\n\t<meta name=\"twitter:data1\" content=\"4 minutes\" \/>\n<script type=\"application\/ld+json\" class=\"yoast-schema-graph\">{\"@context\":\"https:\/\/schema.org\",\"@graph\":[{\"@type\":\"WebPage\",\"@id\":\"https:\/\/www.ibros.fr\/?page_id=50575\",\"url\":\"https:\/\/www.ibros.fr\/?page_id=50575\",\"name\":\"ibros movie services | Ibros\",\"isPartOf\":{\"@id\":\"http:\/\/www.ibros.fr\/#website\"},\"primaryImageOfPage\":{\"@id\":\"https:\/\/www.ibros.fr\/?page_id=50575#primaryimage\"},\"image\":{\"@id\":\"https:\/\/www.ibros.fr\/?page_id=50575#primaryimage\"},\"thumbnailUrl\":\"https:\/\/www.ibros.fr\/wp-content\/uploads\/2026\/01\/Capture-decran-2025-12-31-a-11.40.53-scaled.jpg\",\"datePublished\":\"2026-01-03T23:14:42+00:00\",\"dateModified\":\"2026-01-04T00:04:01+00:00\",\"description\":\"D\u00e9couvrez la photographie drone kayak transparent en Guadeloupe et sublimez votre exp\u00e9rience avec des images professionnelles.\",\"breadcrumb\":{\"@id\":\"https:\/\/www.ibros.fr\/?page_id=50575#breadcrumb\"},\"inLanguage\":\"fr-FR\",\"potentialAction\":[{\"@type\":\"ReadAction\",\"target\":[\"https:\/\/www.ibros.fr\/?page_id=50575\"]}]},{\"@type\":\"ImageObject\",\"inLanguage\":\"fr-FR\",\"@id\":\"https:\/\/www.ibros.fr\/?page_id=50575#primaryimage\",\"url\":\"https:\/\/www.ibros.fr\/wp-content\/uploads\/2026\/01\/Capture-decran-2025-12-31-a-11.40.53-scaled.jpg\",\"contentUrl\":\"https:\/\/www.ibros.fr\/wp-content\/uploads\/2026\/01\/Capture-decran-2025-12-31-a-11.40.53-scaled.jpg\",\"width\":2560,\"height\":1386,\"caption\":\"Screenshot\"},{\"@type\":\"BreadcrumbList\",\"@id\":\"https:\/\/www.ibros.fr\/?page_id=50575#breadcrumb\",\"itemListElement\":[{\"@type\":\"ListItem\",\"position\":1,\"name\":\"Accueil\",\"item\":\"http:\/\/www.ibros.fr\/\"},{\"@type\":\"ListItem\",\"position\":2,\"name\":\"ibros movie services\"}]},{\"@type\":\"WebSite\",\"@id\":\"http:\/\/www.ibros.fr\/#website\",\"url\":\"http:\/\/www.ibros.fr\/\",\"name\":\"Ibros\",\"description\":\"E-marketing de proximit\u00e9\",\"publisher\":{\"@id\":\"http:\/\/www.ibros.fr\/#organization\"},\"potentialAction\":[{\"@type\":\"SearchAction\",\"target\":{\"@type\":\"EntryPoint\",\"urlTemplate\":\"http:\/\/www.ibros.fr\/?s={search_term_string}\"},\"query-input\":{\"@type\":\"PropertyValueSpecification\",\"valueRequired\":true,\"valueName\":\"search_term_string\"}}],\"inLanguage\":\"fr-FR\"},{\"@type\":\"Organization\",\"@id\":\"http:\/\/www.ibros.fr\/#organization\",\"name\":\"iBros\",\"url\":\"http:\/\/www.ibros.fr\/\",\"logo\":{\"@type\":\"ImageObject\",\"inLanguage\":\"fr-FR\",\"@id\":\"http:\/\/www.ibros.fr\/#\/schema\/logo\/image\/\",\"url\":\"https:\/\/www.ibros.fr\/wp-content\/uploads\/2018\/10\/55287d3e-4eea-4329-8cbe-166227f51754.png\",\"contentUrl\":\"https:\/\/www.ibros.fr\/wp-content\/uploads\/2018\/10\/55287d3e-4eea-4329-8cbe-166227f51754.png\",\"width\":200,\"height\":200,\"caption\":\"iBros\"},\"image\":{\"@id\":\"http:\/\/www.ibros.fr\/#\/schema\/logo\/image\/\"},\"sameAs\":[\"https:\/\/www.facebook.com\/IBros-Informatique-de-proximit\u00e9-697463817307367\/\"]}]}<\/script>\n<!-- \/ Yoast SEO plugin. -->","yoast_head_json":{"title":"ibros movie services | Ibros","description":"D\u00e9couvrez la photographie drone kayak transparent en Guadeloupe et sublimez votre exp\u00e9rience avec des images professionnelles.","robots":{"index":"index","follow":"follow","max-snippet":"max-snippet:-1","max-image-preview":"max-image-preview:large","max-video-preview":"max-video-preview:-1"},"canonical":"https:\/\/www.ibros.fr\/?page_id=50575","og_locale":"fr_FR","og_type":"article","og_title":"ibros movie services | Ibros","og_description":"D\u00e9couvrez la photographie drone kayak transparent en Guadeloupe et sublimez votre exp\u00e9rience avec des images professionnelles.","og_url":"https:\/\/www.ibros.fr\/?page_id=50575","og_site_name":"Ibros","article_publisher":"https:\/\/www.facebook.com\/IBros-Informatique-de-proximit%c3%a9-697463817307367\/","article_modified_time":"2026-01-04T00:04:01+00:00","og_image":[{"width":2560,"height":1386,"url":"https:\/\/www.ibros.fr\/wp-content\/uploads\/2026\/01\/Capture-decran-2025-12-31-a-11.40.53-scaled.jpg","type":"image\/jpeg"}],"twitter_misc":{"Dur\u00e9e de lecture estim\u00e9e":"4 minutes"},"schema":{"@context":"https:\/\/schema.org","@graph":[{"@type":"WebPage","@id":"https:\/\/www.ibros.fr\/?page_id=50575","url":"https:\/\/www.ibros.fr\/?page_id=50575","name":"ibros movie services | Ibros","isPartOf":{"@id":"http:\/\/www.ibros.fr\/#website"},"primaryImageOfPage":{"@id":"https:\/\/www.ibros.fr\/?page_id=50575#primaryimage"},"image":{"@id":"https:\/\/www.ibros.fr\/?page_id=50575#primaryimage"},"thumbnailUrl":"https:\/\/www.ibros.fr\/wp-content\/uploads\/2026\/01\/Capture-decran-2025-12-31-a-11.40.53-scaled.jpg","datePublished":"2026-01-03T23:14:42+00:00","dateModified":"2026-01-04T00:04:01+00:00","description":"D\u00e9couvrez la photographie drone kayak transparent en Guadeloupe et sublimez votre exp\u00e9rience avec des images professionnelles.","breadcrumb":{"@id":"https:\/\/www.ibros.fr\/?page_id=50575#breadcrumb"},"inLanguage":"fr-FR","potentialAction":[{"@type":"ReadAction","target":["https:\/\/www.ibros.fr\/?page_id=50575"]}]},{"@type":"ImageObject","inLanguage":"fr-FR","@id":"https:\/\/www.ibros.fr\/?page_id=50575#primaryimage","url":"https:\/\/www.ibros.fr\/wp-content\/uploads\/2026\/01\/Capture-decran-2025-12-31-a-11.40.53-scaled.jpg","contentUrl":"https:\/\/www.ibros.fr\/wp-content\/uploads\/2026\/01\/Capture-decran-2025-12-31-a-11.40.53-scaled.jpg","width":2560,"height":1386,"caption":"Screenshot"},{"@type":"BreadcrumbList","@id":"https:\/\/www.ibros.fr\/?page_id=50575#breadcrumb","itemListElement":[{"@type":"ListItem","position":1,"name":"Accueil","item":"http:\/\/www.ibros.fr\/"},{"@type":"ListItem","position":2,"name":"ibros movie services"}]},{"@type":"WebSite","@id":"http:\/\/www.ibros.fr\/#website","url":"http:\/\/www.ibros.fr\/","name":"Ibros","description":"E-marketing de proximit\u00e9","publisher":{"@id":"http:\/\/www.ibros.fr\/#organization"},"potentialAction":[{"@type":"SearchAction","target":{"@type":"EntryPoint","urlTemplate":"http:\/\/www.ibros.fr\/?s={search_term_string}"},"query-input":{"@type":"PropertyValueSpecification","valueRequired":true,"valueName":"search_term_string"}}],"inLanguage":"fr-FR"},{"@type":"Organization","@id":"http:\/\/www.ibros.fr\/#organization","name":"iBros","url":"http:\/\/www.ibros.fr\/","logo":{"@type":"ImageObject","inLanguage":"fr-FR","@id":"http:\/\/www.ibros.fr\/#\/schema\/logo\/image\/","url":"https:\/\/www.ibros.fr\/wp-content\/uploads\/2018\/10\/55287d3e-4eea-4329-8cbe-166227f51754.png","contentUrl":"https:\/\/www.ibros.fr\/wp-content\/uploads\/2018\/10\/55287d3e-4eea-4329-8cbe-166227f51754.png","width":200,"height":200,"caption":"iBros"},"image":{"@id":"http:\/\/www.ibros.fr\/#\/schema\/logo\/image\/"},"sameAs":["https:\/\/www.facebook.com\/IBros-Informatique-de-proximit\u00e9-697463817307367\/"]}]}},"_links":{"self":[{"href":"https:\/\/www.ibros.fr\/index.php?rest_route=\/wp\/v2\/pages\/50575","targetHints":{"allow":["GET"]}}],"collection":[{"href":"https:\/\/www.ibros.fr\/index.php?rest_route=\/wp\/v2\/pages"}],"about":[{"href":"https:\/\/www.ibros.fr\/index.php?rest_route=\/wp\/v2\/types\/page"}],"author":[{"embeddable":true,"href":"https:\/\/www.ibros.fr\/index.php?rest_route=\/wp\/v2\/users\/1"}],"replies":[{"embeddable":true,"href":"https:\/\/www.ibros.fr\/index.php?rest_route=%2Fwp%2Fv2%2Fcomments&post=50575"}],"version-history":[{"count":11,"href":"https:\/\/www.ibros.fr\/index.php?rest_route=\/wp\/v2\/pages\/50575\/revisions"}],"predecessor-version":[{"id":50607,"href":"https:\/\/www.ibros.fr\/index.php?rest_route=\/wp\/v2\/pages\/50575\/revisions\/50607"}],"wp:featuredmedia":[{"embeddable":true,"href":"https:\/\/www.ibros.fr\/index.php?rest_route=\/wp\/v2\/media\/50552"}],"wp:attachment":[{"href":"https:\/\/www.ibros.fr\/index.php?rest_route=%2Fwp%2Fv2%2Fmedia&parent=50575"}],"curies":[{"name":"wp","href":"https:\/\/api.w.org\/{rel}","templated":true}]}}