{"id":49797,"date":"2024-04-15T17:12:10","date_gmt":"2024-04-15T21:12:10","guid":{"rendered":"https:\/\/www.ibros.fr\/?page_id=49797"},"modified":"2024-04-15T17:26:24","modified_gmt":"2024-04-15T21:26:24","slug":"site-web-guadeloupe-ibros-2","status":"publish","type":"page","link":"https:\/\/www.ibros.fr\/?page_id=49797","title":{"rendered":"R\u00e9f\u00e9rencement SEO Guadeloupe"},"content":{"rendered":"<p>[et_pb_section fb_built=\u00a0\u00bb1&Prime; admin_label=\u00a0\u00bbVideo\u00a0\u00bb _builder_version=\u00a0\u00bb4.22.0&Prime; _module_preset=\u00a0\u00bbdefault\u00a0\u00bb collapsed=\u00a0\u00bbon\u00a0\u00bb global_colors_info=\u00a0\u00bb{}\u00a0\u00bb theme_builder_area=\u00a0\u00bbpost_content\u00a0\u00bb][et_pb_row _builder_version=\u00a0\u00bb4.22.0&Prime; _module_preset=\u00a0\u00bbdefault\u00a0\u00bb global_colors_info=\u00a0\u00bb{}\u00a0\u00bb theme_builder_area=\u00a0\u00bbpost_content\u00a0\u00bb][et_pb_column type=\u00a0\u00bb4_4&Prime; _builder_version=\u00a0\u00bb4.22.0&Prime; _module_preset=\u00a0\u00bbdefault\u00a0\u00bb global_colors_info=\u00a0\u00bb{}\u00a0\u00bb theme_builder_area=\u00a0\u00bbpost_content\u00a0\u00bb][et_pb_text _builder_version=\u00a0\u00bb4.24.2&Prime; _module_preset=\u00a0\u00bb1bf29e53-73c6-426d-9088-a17fd3fa50a7&Prime; custom_margin=\u00a0\u00bb||10px||false|false\u00a0\u00bb hover_enabled=\u00a0\u00bb0&Prime; global_colors_info=\u00a0\u00bb{}\u00a0\u00bb theme_builder_area=\u00a0\u00bbpost_content\u00a0\u00bb sticky_enabled=\u00a0\u00bb0&Prime;]<\/p>\n<h1>SEO<\/h1>\n<p>[\/et_pb_text][et_pb_text _builder_version=\u00a0\u00bb4.24.2&Prime; _module_preset=\u00a0\u00bbdec0481e-7fd5-4029-ad67-a389f241cc66&Prime; max_width=\u00a0\u00bb800px\u00a0\u00bb hover_enabled=\u00a0\u00bb0&Prime; locked=\u00a0\u00bboff\u00a0\u00bb global_colors_info=\u00a0\u00bb{}\u00a0\u00bb theme_builder_area=\u00a0\u00bbpost_content\u00a0\u00bb sticky_enabled=\u00a0\u00bb0&Prime;]<\/p>\n<p style=\"text-align: justify;\">SEO (Search Engine Optimization)<strong> <\/strong>signifie l\u2019<strong>optimisation pour les moteurs de recherche<\/strong>. Concr\u00e8tement le <strong>SEO consiste \u00e0 optimiser vos pages web<\/strong> pour qu\u2019elles soient mieux class\u00e9es dans les pages de r\u00e9sultats des moteurs de recherche (SERP), comme Google<\/p>\n<p style=\"text-align: justify;\"><strong>Ex: Vous \u00eates un loueur de voiture en Guadeloupe, les touristes fran\u00e7ais tapent sur Google: \u00ab\u00a0Louer une voiture en Guadeloupe\u00a0\u00bb ne pouvant compter sur le bouche \u00e0 oreille, ils passent par Google, moteur de recherche le plus utilis\u00e9 au Monde.<\/strong><\/p>\n<p style=\"text-align: justify;\"><strong>C&rsquo;est la que nous intervenons afin de rendre votre site web de location de voiture visible aux touristes fran\u00e7ais ou aux perosnnesqui vivent en Guadeloupe<\/strong><\/p>\n<p>[\/et_pb_text][et_pb_button button_text=\u00a0\u00bbGet STarted\u00a0\u00bb button_alignment=\u00a0\u00bbleft\u00a0\u00bb _builder_version=\u00a0\u00bb4.23.2&Prime; _module_preset=\u00a0\u00bbb7969f01-ae3e-44ed-9db9-68b516f238c5&Prime; locked=\u00a0\u00bboff\u00a0\u00bb global_colors_info=\u00a0\u00bb{}\u00a0\u00bb theme_builder_area=\u00a0\u00bbpost_content\u00a0\u00bb][\/et_pb_button][\/et_pb_column][\/et_pb_row][et_pb_row _builder_version=\u00a0\u00bb4.24.2&Prime; _module_preset=\u00a0\u00bbdefault\u00a0\u00bb theme_builder_area=\u00a0\u00bbpost_content\u00a0\u00bb hover_enabled=\u00a0\u00bb0&Prime; sticky_enabled=\u00a0\u00bb0&Prime;][et_pb_column _builder_version=\u00a0\u00bb4.24.2&Prime; _module_preset=\u00a0\u00bbdefault\u00a0\u00bb type=\u00a0\u00bb4_4&Prime; theme_builder_area=\u00a0\u00bbpost_content\u00a0\u00bb parallax=\u00a0\u00bbon\u00a0\u00bb hover_enabled=\u00a0\u00bb0&Prime; sticky_enabled=\u00a0\u00bb0&Prime;][et_pb_image src=\u00a0\u00bbhttp:\/\/www.ibros.fr\/wp-content\/uploads\/2024\/04\/site-web-guadeloupe-seo-ibros.jpg\u00a0\u00bb _builder_version=\u00a0\u00bb4.24.2&Prime; _module_preset=\u00a0\u00bbdefault\u00a0\u00bb theme_builder_area=\u00a0\u00bbpost_content\u00a0\u00bb title_text=\u00a0\u00bbsite web guadeloupe seo ibros\u00a0\u00bb align=\u00a0\u00bbcenter\u00a0\u00bb hover_enabled=\u00a0\u00bb0&Prime; sticky_enabled=\u00a0\u00bb0&Prime; show_in_lightbox=\u00a0\u00bbon\u00a0\u00bb][\/et_pb_image][\/et_pb_column][\/et_pb_row][\/et_pb_section][et_pb_section fb_built=\u00a0\u00bb1&Prime; admin_label=\u00a0\u00bbStats\u00a0\u00bb _builder_version=\u00a0\u00bb4.20.0&Prime; _module_preset=\u00a0\u00bbdefault\u00a0\u00bb use_background_color_gradient=\u00a0\u00bbon\u00a0\u00bb background_color_gradient_direction=\u00a0\u00bb226deg\u00a0\u00bb background_color_gradient_stops=\u00a0\u00bbgcid-4bdecb47-4903-4f7f-8c38-18edaa02b6ba 0%|gcid-f9e2726b-b4f5-43a5-bef2-f053a80c54d3 85%\u00a0\u00bb border_radii=\u00a0\u00bbon|50px|50px|50px|50px\u00a0\u00bb border_width_all=\u00a0\u00bb1px\u00a0\u00bb border_color_all=\u00a0\u00bbgcid-2739a123-5e26-4669-a77f-62833b73033a\u00a0\u00bb locked=\u00a0\u00bboff\u00a0\u00bb collapsed=\u00a0\u00bbon\u00a0\u00bb global_colors_info=\u00a0\u00bb{%22gcid-f9e2726b-b4f5-43a5-bef2-f053a80c54d3%22:%91%22background_color_gradient_stops%22%93,%22gcid-2739a123-5e26-4669-a77f-62833b73033a%22:%91%22border_color_all%22%93}\u00a0\u00bb theme_builder_area=\u00a0\u00bbpost_content\u00a0\u00bb][et_pb_row _builder_version=\u00a0\u00bb4.22.0&Prime; _module_preset=\u00a0\u00bbdefault\u00a0\u00bb global_colors_info=\u00a0\u00bb{}\u00a0\u00bb theme_builder_area=\u00a0\u00bbpost_content\u00a0\u00bb][et_pb_column type=\u00a0\u00bb4_4&Prime; _builder_version=\u00a0\u00bb4.22.0&Prime; _module_preset=\u00a0\u00bbdefault\u00a0\u00bb global_colors_info=\u00a0\u00bb{}\u00a0\u00bb theme_builder_area=\u00a0\u00bbpost_content\u00a0\u00bb][et_pb_text _builder_version=\u00a0\u00bb4.24.2&Prime; _module_preset=\u00a0\u00bb1bf29e53-73c6-426d-9088-a17fd3fa50a7&Prime; custom_margin=\u00a0\u00bb||10px||false|false\u00a0\u00bb hover_enabled=\u00a0\u00bb0&Prime; global_colors_info=\u00a0\u00bb{}\u00a0\u00bb theme_builder_area=\u00a0\u00bbpost_content\u00a0\u00bb sticky_enabled=\u00a0\u00bb0&Prime;]<\/p>\n<h1>SEO, une technique de r\u00e9f\u00e9rencement<\/h1>\n<p>[\/et_pb_text][\/et_pb_column][\/et_pb_row][et_pb_row column_structure=\u00a0\u00bb1_2,1_2&Prime; _builder_version=\u00a0\u00bb4.20.0&Prime; _module_preset=\u00a0\u00bbdefault\u00a0\u00bb border_color_all=\u00a0\u00bbgcid-2739a123-5e26-4669-a77f-62833b73033a\u00a0\u00bb border_width_bottom=\u00a0\u00bb1px\u00a0\u00bb global_colors_info=\u00a0\u00bb{%22gcid-2739a123-5e26-4669-a77f-62833b73033a%22:%91%22border_color_all%22%93}\u00a0\u00bb theme_builder_area=\u00a0\u00bbpost_content\u00a0\u00bb][et_pb_column type=\u00a0\u00bb1_2&Prime; _builder_version=\u00a0\u00bb4.20.0&Prime; _module_preset=\u00a0\u00bbdefault\u00a0\u00bb global_colors_info=\u00a0\u00bb{}\u00a0\u00bb theme_builder_area=\u00a0\u00bbpost_content\u00a0\u00bb][et_pb_text _builder_version=\u00a0\u00bb4.24.2&Prime; _module_preset=\u00a0\u00bb65a0315f-4b86-407e-a6a0-63f9cc3c67d5&Prime; hover_enabled=\u00a0\u00bb0&Prime; global_colors_info=\u00a0\u00bb{}\u00a0\u00bb theme_builder_area=\u00a0\u00bbpost_content\u00a0\u00bb sticky_enabled=\u00a0\u00bb0&Prime;]<\/p>\n<h3><strong>Processus d\u2019exploration<\/strong><\/h3>\n<p>[\/et_pb_text][\/et_pb_column][et_pb_column type=\u00a0\u00bb1_2&Prime; _builder_version=\u00a0\u00bb4.20.0&Prime; _module_preset=\u00a0\u00bbdefault\u00a0\u00bb global_colors_info=\u00a0\u00bb{}\u00a0\u00bb theme_builder_area=\u00a0\u00bbpost_content\u00a0\u00bb][et_pb_text _builder_version=\u00a0\u00bb4.24.2&Prime; _module_preset=\u00a0\u00bb97ba955f-da52-4e76-81ec-4d828d3eb021&Prime; hover_enabled=\u00a0\u00bb0&Prime; global_colors_info=\u00a0\u00bb{%22gcid-2739a123-5e26-4669-a77f-62833b73033a%22:%91%22text_text_color%22%93}\u00a0\u00bb theme_builder_area=\u00a0\u00bbpost_content\u00a0\u00bb sticky_enabled=\u00a0\u00bb0&Prime;]<\/p>\n<p style=\"text-align: justify;\"><strong><\/strong>Google s\u2019appuient sur une \u00e9quipe de <strong>robots d\u2019exploration du web<\/strong>, \u00e9galement appel\u00e9s <strong>robots d\u2019indexation<\/strong> (spiderbots) ou simplement <strong>robots<\/strong> (bots), pour trouver le contenu actualis\u00e9 sur le &lt;eb. Les robots d\u2019exploration aident \u00e0 d\u00e9couvrir et \u00e0 collecter les informations n\u00e9cessaires \u00e0 l\u2019indexation d\u2019une page.<\/p>\n<p>[\/et_pb_text][\/et_pb_column][\/et_pb_row][et_pb_row column_structure=\u00a0\u00bb1_2,1_2&Prime; _builder_version=\u00a0\u00bb4.20.0&Prime; _module_preset=\u00a0\u00bbdefault\u00a0\u00bb border_color_all=\u00a0\u00bbgcid-2739a123-5e26-4669-a77f-62833b73033a\u00a0\u00bb border_width_bottom=\u00a0\u00bb1px\u00a0\u00bb global_colors_info=\u00a0\u00bb{%22gcid-2739a123-5e26-4669-a77f-62833b73033a%22:%91%22border_color_all%22%93}\u00a0\u00bb theme_builder_area=\u00a0\u00bbpost_content\u00a0\u00bb][et_pb_column type=\u00a0\u00bb1_2&Prime; _builder_version=\u00a0\u00bb4.20.0&Prime; _module_preset=\u00a0\u00bbdefault\u00a0\u00bb global_colors_info=\u00a0\u00bb{}\u00a0\u00bb theme_builder_area=\u00a0\u00bbpost_content\u00a0\u00bb][et_pb_text _builder_version=\u00a0\u00bb4.24.2&Prime; _module_preset=\u00a0\u00bb65a0315f-4b86-407e-a6a0-63f9cc3c67d5&Prime; hover_enabled=\u00a0\u00bb0&Prime; global_colors_info=\u00a0\u00bb{}\u00a0\u00bb theme_builder_area=\u00a0\u00bbpost_content\u00a0\u00bb sticky_enabled=\u00a0\u00bb0&Prime;]<\/p>\n<h3><strong>Indexation<\/strong><\/h3>\n<p>[\/et_pb_text][\/et_pb_column][et_pb_column type=\u00a0\u00bb1_2&Prime; _builder_version=\u00a0\u00bb4.20.0&Prime; _module_preset=\u00a0\u00bbdefault\u00a0\u00bb global_colors_info=\u00a0\u00bb{}\u00a0\u00bb theme_builder_area=\u00a0\u00bbpost_content\u00a0\u00bb][et_pb_text _builder_version=\u00a0\u00bb4.24.2&Prime; _module_preset=\u00a0\u00bb97ba955f-da52-4e76-81ec-4d828d3eb021&Prime; hover_enabled=\u00a0\u00bb0&Prime; global_colors_info=\u00a0\u00bb{%22gcid-2739a123-5e26-4669-a77f-62833b73033a%22:%91%22text_text_color%22%93}\u00a0\u00bb theme_builder_area=\u00a0\u00bbpost_content\u00a0\u00bb sticky_enabled=\u00a0\u00bb0&Prime;]<\/p>\n<p style=\"text-align: justify;\">Il s\u2019agit d\u2019un processus par lequel les moteurs de recherche stockent et organisent les pages web collect\u00e9es. Une fois que les robots d\u2019exploration ont trouv\u00e9 des informations sur un site, telles que des mots cl\u00e9s et du contenu frais, ils ajoutent la page web \u00e0 <strong>l\u2019index de recherche<\/strong>. Lorsque les utilisateurs recherchent des informations pertinentes, le moteur de recherche va chercher le site web index\u00e9.<\/p>\n<p>[\/et_pb_text][\/et_pb_column][\/et_pb_row][et_pb_row column_structure=\u00a0\u00bb1_2,1_2&Prime; _builder_version=\u00a0\u00bb4.20.0&Prime; _module_preset=\u00a0\u00bbdefault\u00a0\u00bb border_color_all=\u00a0\u00bbgcid-2739a123-5e26-4669-a77f-62833b73033a\u00a0\u00bb border_width_bottom=\u00a0\u00bb1px\u00a0\u00bb global_colors_info=\u00a0\u00bb{%22gcid-2739a123-5e26-4669-a77f-62833b73033a%22:%91%22border_color_all%22%93}\u00a0\u00bb theme_builder_area=\u00a0\u00bbpost_content\u00a0\u00bb][et_pb_column type=\u00a0\u00bb1_2&Prime; _builder_version=\u00a0\u00bb4.20.0&Prime; _module_preset=\u00a0\u00bbdefault\u00a0\u00bb global_colors_info=\u00a0\u00bb{}\u00a0\u00bb theme_builder_area=\u00a0\u00bbpost_content\u00a0\u00bb][et_pb_text _builder_version=\u00a0\u00bb4.24.2&Prime; _module_preset=\u00a0\u00bb65a0315f-4b86-407e-a6a0-63f9cc3c67d5&Prime; hover_enabled=\u00a0\u00bb0&Prime; global_colors_info=\u00a0\u00bb{}\u00a0\u00bb theme_builder_area=\u00a0\u00bbpost_content\u00a0\u00bb sticky_enabled=\u00a0\u00bb0&Prime;]<\/p>\n<h3><strong>Classement (Ranking)<\/strong><\/h3>\n<p>[\/et_pb_text][\/et_pb_column][et_pb_column type=\u00a0\u00bb1_2&Prime; _builder_version=\u00a0\u00bb4.20.0&Prime; _module_preset=\u00a0\u00bbdefault\u00a0\u00bb global_colors_info=\u00a0\u00bb{}\u00a0\u00bb theme_builder_area=\u00a0\u00bbpost_content\u00a0\u00bb][et_pb_text _builder_version=\u00a0\u00bb4.24.2&Prime; _module_preset=\u00a0\u00bb97ba955f-da52-4e76-81ec-4d828d3eb021&Prime; hover_enabled=\u00a0\u00bb0&Prime; global_colors_info=\u00a0\u00bb{%22gcid-2739a123-5e26-4669-a77f-62833b73033a%22:%91%22text_text_color%22%93}\u00a0\u00bb theme_builder_area=\u00a0\u00bbpost_content\u00a0\u00bb sticky_enabled=\u00a0\u00bb0&Prime;]<\/p>\n<p style=\"text-align: justify;\">Les pages web de l\u2019index de recherche seront ensuite affich\u00e9es dans les r\u00e9sultats de recherche, du contenu le plus pertinent au contenu le moins pertinent.<\/p>\n<p>[\/et_pb_text][\/et_pb_column][\/et_pb_row][\/et_pb_section]<\/p>\n","protected":false},"excerpt":{"rendered":"<p>SEOSEO (Search Engine Optimization) signifie l\u2019optimisation pour les moteurs de recherche. Concr\u00e8tement le SEO consiste \u00e0 optimiser vos pages web pour qu\u2019elles soient mieux class\u00e9es dans les pages de r\u00e9sultats des moteurs de recherche (SERP), comme Google Ex: Vous \u00eates un loueur de voiture en Guadeloupe, les touristes fran\u00e7ais tapent sur Google: \u00ab\u00a0Louer une voiture [&hellip;]<\/p>\n","protected":false},"author":1,"featured_media":0,"parent":0,"menu_order":0,"comment_status":"closed","ping_status":"closed","template":"","meta":{"_et_pb_use_builder":"on","_et_pb_old_content":"<!-- wp:divi\/placeholder \/-->","_et_gb_content_width":"","footnotes":""},"class_list":["post-49797","page","type-page","status-publish","hentry"],"yoast_head":"<!-- This site is optimized with the Yoast SEO plugin v26.6 - https:\/\/yoast.com\/wordpress\/plugins\/seo\/ -->\n<title>R\u00e9f\u00e9rencement SEO Guadeloupe | Ibros<\/title>\n<meta name=\"description\" content=\"R\u00e9f\u00e9rencement SEO Guadeloupe, qu&#039;est ce que c&#039;est ? Votre site web n&#039;est pas visible? nous avons une solution pour vous\" \/>\n<meta name=\"robots\" content=\"index, follow, max-snippet:-1, max-image-preview:large, max-video-preview:-1\" \/>\n<link rel=\"canonical\" href=\"https:\/\/www.ibros.fr\/?page_id=49797\" \/>\n<meta property=\"og:locale\" content=\"fr_FR\" \/>\n<meta property=\"og:type\" content=\"article\" \/>\n<meta property=\"og:title\" content=\"R\u00e9f\u00e9rencement SEO Guadeloupe | Ibros\" \/>\n<meta property=\"og:description\" content=\"R\u00e9f\u00e9rencement SEO Guadeloupe, qu&#039;est ce que c&#039;est ? Votre site web n&#039;est pas visible? nous avons une solution pour vous\" \/>\n<meta property=\"og:url\" content=\"https:\/\/www.ibros.fr\/?page_id=49797\" \/>\n<meta property=\"og:site_name\" content=\"Ibros\" \/>\n<meta property=\"article:publisher\" content=\"https:\/\/www.facebook.com\/IBros-Informatique-de-proximit%c3%a9-697463817307367\/\" \/>\n<meta property=\"article:modified_time\" content=\"2024-04-15T21:26:24+00:00\" \/>\n<script type=\"application\/ld+json\" class=\"yoast-schema-graph\">{\"@context\":\"https:\/\/schema.org\",\"@graph\":[{\"@type\":\"WebPage\",\"@id\":\"https:\/\/www.ibros.fr\/?page_id=49797\",\"url\":\"https:\/\/www.ibros.fr\/?page_id=49797\",\"name\":\"R\u00e9f\u00e9rencement SEO Guadeloupe | Ibros\",\"isPartOf\":{\"@id\":\"http:\/\/www.ibros.fr\/#website\"},\"datePublished\":\"2024-04-15T21:12:10+00:00\",\"dateModified\":\"2024-04-15T21:26:24+00:00\",\"description\":\"R\u00e9f\u00e9rencement SEO Guadeloupe, qu'est ce que c'est ? Votre site web n'est pas visible? nous avons une solution pour vous\",\"breadcrumb\":{\"@id\":\"https:\/\/www.ibros.fr\/?page_id=49797#breadcrumb\"},\"inLanguage\":\"fr-FR\",\"potentialAction\":[{\"@type\":\"ReadAction\",\"target\":[\"https:\/\/www.ibros.fr\/?page_id=49797\"]}]},{\"@type\":\"BreadcrumbList\",\"@id\":\"https:\/\/www.ibros.fr\/?page_id=49797#breadcrumb\",\"itemListElement\":[{\"@type\":\"ListItem\",\"position\":1,\"name\":\"Accueil\",\"item\":\"http:\/\/www.ibros.fr\/\"},{\"@type\":\"ListItem\",\"position\":2,\"name\":\"R\u00e9f\u00e9rencement SEO Guadeloupe\"}]},{\"@type\":\"WebSite\",\"@id\":\"http:\/\/www.ibros.fr\/#website\",\"url\":\"http:\/\/www.ibros.fr\/\",\"name\":\"Ibros\",\"description\":\"E-marketing de proximit\u00e9\",\"publisher\":{\"@id\":\"http:\/\/www.ibros.fr\/#organization\"},\"potentialAction\":[{\"@type\":\"SearchAction\",\"target\":{\"@type\":\"EntryPoint\",\"urlTemplate\":\"http:\/\/www.ibros.fr\/?s={search_term_string}\"},\"query-input\":{\"@type\":\"PropertyValueSpecification\",\"valueRequired\":true,\"valueName\":\"search_term_string\"}}],\"inLanguage\":\"fr-FR\"},{\"@type\":\"Organization\",\"@id\":\"http:\/\/www.ibros.fr\/#organization\",\"name\":\"iBros\",\"url\":\"http:\/\/www.ibros.fr\/\",\"logo\":{\"@type\":\"ImageObject\",\"inLanguage\":\"fr-FR\",\"@id\":\"http:\/\/www.ibros.fr\/#\/schema\/logo\/image\/\",\"url\":\"https:\/\/www.ibros.fr\/wp-content\/uploads\/2018\/10\/55287d3e-4eea-4329-8cbe-166227f51754.png\",\"contentUrl\":\"https:\/\/www.ibros.fr\/wp-content\/uploads\/2018\/10\/55287d3e-4eea-4329-8cbe-166227f51754.png\",\"width\":200,\"height\":200,\"caption\":\"iBros\"},\"image\":{\"@id\":\"http:\/\/www.ibros.fr\/#\/schema\/logo\/image\/\"},\"sameAs\":[\"https:\/\/www.facebook.com\/IBros-Informatique-de-proximit\u00e9-697463817307367\/\"]}]}<\/script>\n<!-- \/ Yoast SEO plugin. -->","yoast_head_json":{"title":"R\u00e9f\u00e9rencement SEO Guadeloupe | Ibros","description":"R\u00e9f\u00e9rencement SEO Guadeloupe, qu'est ce que c'est ? Votre site web n'est pas visible? nous avons une solution pour vous","robots":{"index":"index","follow":"follow","max-snippet":"max-snippet:-1","max-image-preview":"max-image-preview:large","max-video-preview":"max-video-preview:-1"},"canonical":"https:\/\/www.ibros.fr\/?page_id=49797","og_locale":"fr_FR","og_type":"article","og_title":"R\u00e9f\u00e9rencement SEO Guadeloupe | Ibros","og_description":"R\u00e9f\u00e9rencement SEO Guadeloupe, qu'est ce que c'est ? Votre site web n'est pas visible? nous avons une solution pour vous","og_url":"https:\/\/www.ibros.fr\/?page_id=49797","og_site_name":"Ibros","article_publisher":"https:\/\/www.facebook.com\/IBros-Informatique-de-proximit%c3%a9-697463817307367\/","article_modified_time":"2024-04-15T21:26:24+00:00","schema":{"@context":"https:\/\/schema.org","@graph":[{"@type":"WebPage","@id":"https:\/\/www.ibros.fr\/?page_id=49797","url":"https:\/\/www.ibros.fr\/?page_id=49797","name":"R\u00e9f\u00e9rencement SEO Guadeloupe | Ibros","isPartOf":{"@id":"http:\/\/www.ibros.fr\/#website"},"datePublished":"2024-04-15T21:12:10+00:00","dateModified":"2024-04-15T21:26:24+00:00","description":"R\u00e9f\u00e9rencement SEO Guadeloupe, qu'est ce que c'est ? Votre site web n'est pas visible? nous avons une solution pour vous","breadcrumb":{"@id":"https:\/\/www.ibros.fr\/?page_id=49797#breadcrumb"},"inLanguage":"fr-FR","potentialAction":[{"@type":"ReadAction","target":["https:\/\/www.ibros.fr\/?page_id=49797"]}]},{"@type":"BreadcrumbList","@id":"https:\/\/www.ibros.fr\/?page_id=49797#breadcrumb","itemListElement":[{"@type":"ListItem","position":1,"name":"Accueil","item":"http:\/\/www.ibros.fr\/"},{"@type":"ListItem","position":2,"name":"R\u00e9f\u00e9rencement SEO Guadeloupe"}]},{"@type":"WebSite","@id":"http:\/\/www.ibros.fr\/#website","url":"http:\/\/www.ibros.fr\/","name":"Ibros","description":"E-marketing de proximit\u00e9","publisher":{"@id":"http:\/\/www.ibros.fr\/#organization"},"potentialAction":[{"@type":"SearchAction","target":{"@type":"EntryPoint","urlTemplate":"http:\/\/www.ibros.fr\/?s={search_term_string}"},"query-input":{"@type":"PropertyValueSpecification","valueRequired":true,"valueName":"search_term_string"}}],"inLanguage":"fr-FR"},{"@type":"Organization","@id":"http:\/\/www.ibros.fr\/#organization","name":"iBros","url":"http:\/\/www.ibros.fr\/","logo":{"@type":"ImageObject","inLanguage":"fr-FR","@id":"http:\/\/www.ibros.fr\/#\/schema\/logo\/image\/","url":"https:\/\/www.ibros.fr\/wp-content\/uploads\/2018\/10\/55287d3e-4eea-4329-8cbe-166227f51754.png","contentUrl":"https:\/\/www.ibros.fr\/wp-content\/uploads\/2018\/10\/55287d3e-4eea-4329-8cbe-166227f51754.png","width":200,"height":200,"caption":"iBros"},"image":{"@id":"http:\/\/www.ibros.fr\/#\/schema\/logo\/image\/"},"sameAs":["https:\/\/www.facebook.com\/IBros-Informatique-de-proximit\u00e9-697463817307367\/"]}]}},"_links":{"self":[{"href":"https:\/\/www.ibros.fr\/index.php?rest_route=\/wp\/v2\/pages\/49797","targetHints":{"allow":["GET"]}}],"collection":[{"href":"https:\/\/www.ibros.fr\/index.php?rest_route=\/wp\/v2\/pages"}],"about":[{"href":"https:\/\/www.ibros.fr\/index.php?rest_route=\/wp\/v2\/types\/page"}],"author":[{"embeddable":true,"href":"https:\/\/www.ibros.fr\/index.php?rest_route=\/wp\/v2\/users\/1"}],"replies":[{"embeddable":true,"href":"https:\/\/www.ibros.fr\/index.php?rest_route=%2Fwp%2Fv2%2Fcomments&post=49797"}],"version-history":[{"count":4,"href":"https:\/\/www.ibros.fr\/index.php?rest_route=\/wp\/v2\/pages\/49797\/revisions"}],"predecessor-version":[{"id":49804,"href":"https:\/\/www.ibros.fr\/index.php?rest_route=\/wp\/v2\/pages\/49797\/revisions\/49804"}],"wp:attachment":[{"href":"https:\/\/www.ibros.fr\/index.php?rest_route=%2Fwp%2Fv2%2Fmedia&parent=49797"}],"curies":[{"name":"wp","href":"https:\/\/api.w.org\/{rel}","templated":true}]}}