{"id":49487,"date":"2023-04-26T17:52:59","date_gmt":"2023-04-26T21:52:59","guid":{"rendered":"https:\/\/www.ibros.fr\/?page_id=49487"},"modified":"2026-04-06T10:47:00","modified_gmt":"2026-04-06T14:47:00","slug":"occasions-apple","status":"publish","type":"page","link":"https:\/\/www.ibros.fr\/?page_id=49487","title":{"rendered":"Occasions Apple"},"content":{"rendered":"<p>[et_pb_section fb_built=\u00a0\u00bb1&Prime; admin_label=\u00a0\u00bbsection\u00a0\u00bb _builder_version=\u00a0\u00bb4.16&Prime; global_colors_info=\u00a0\u00bb{}\u00a0\u00bb][et_pb_row _builder_version=\u00a0\u00bb4.24.3&Prime; _module_preset=\u00a0\u00bbdefault\u00a0\u00bb custom_margin=\u00a0\u00bb|auto|94px|auto||\u00a0\u00bb global_colors_info=\u00a0\u00bb{}\u00a0\u00bb][et_pb_column type=\u00a0\u00bb4_4&Prime; _builder_version=\u00a0\u00bb4.24.3&Prime; _module_preset=\u00a0\u00bbdefault\u00a0\u00bb global_colors_info=\u00a0\u00bb{}\u00a0\u00bb][et_pb_text _builder_version=\u00a0\u00bb4.24.3&Prime; _module_preset=\u00a0\u00bbdefault\u00a0\u00bb header_2_font=\u00a0\u00bbPoppins|700|||||||\u00a0\u00bb header_2_text_align=\u00a0\u00bbcenter\u00a0\u00bb header_2_text_color=\u00a0\u00bb#0C71C3&Prime; header_2_letter_spacing=\u00a0\u00bb1px\u00a0\u00bb header_2_line_height=\u00a0\u00bb1.2em\u00a0\u00bb header_3_font=\u00a0\u00bbPoppins||||||||\u00a0\u00bb header_3_text_color=\u00a0\u00bb#0C71C3&Prime; header_3_font_size=\u00a0\u00bb19px\u00a0\u00bb header_3_font_size_tablet=\u00a0\u00bb19px\u00a0\u00bb header_3_font_size_phone=\u00a0\u00bb19px\u00a0\u00bb header_3_font_size_last_edited=\u00a0\u00bbon|phone\u00a0\u00bb global_colors_info=\u00a0\u00bb{}\u00a0\u00bb]<\/p>\n<h3>D\u00e9couvrez notre s\u00e9lection de produits Apple d&rsquo;occasion en Guadeloupe et b\u00e9n\u00e9ficiez de garanties et de possibilit\u00e9s de paiement flexibles pour vous offrir les derniers mod\u00e8les \u00e0 prix r\u00e9duit.<\/h3>\n<h3>Chez Ibros, nous vous proposons des MacBook Air, MacBook Pro, iPhone, Ipad iMac et autres appareils reconditionn\u00e9s avec soin en Guadeloupe, \u00e9galement des mod\u00e8les d&rsquo;occasions pr\u00eats \u00e0 vous accompagner dans toutes vos t\u00e2ches num\u00e9riques.<\/h3>\n<h3>Faites le choix de la qualit\u00e9 et de la proximit\u00e9 avec iBros, Expert et ancien salari\u00e9 Apple, et \u00e9galement <a href=\"https:\/\/www.ibros.fr\/site-web-guadeloupe-ibros\/\">votre partenaire e-marketing en Guadeloupe<\/a>.<\/h3>\n<p>[\/et_pb_text][\/et_pb_column][\/et_pb_row][et_pb_row column_structure=\u00a0\u00bb1_2,1_2&Prime; admin_label=\u00a0\u00bbrow\u00a0\u00bb _builder_version=\u00a0\u00bb4.24.3&Prime; background_size=\u00a0\u00bbinitial\u00a0\u00bb background_position=\u00a0\u00bbtop_left\u00a0\u00bb background_repeat=\u00a0\u00bbrepeat\u00a0\u00bb global_colors_info=\u00a0\u00bb{}\u00a0\u00bb][et_pb_column type=\u00a0\u00bb1_2&Prime; _builder_version=\u00a0\u00bb4.16&Prime; custom_padding=\u00a0\u00bb|||\u00a0\u00bb global_colors_info=\u00a0\u00bb{}\u00a0\u00bb custom_padding__hover=\u00a0\u00bb|||\u00a0\u00bb][et_pb_gallery gallery_ids=\u00a0\u00bb50745,50698&Prime; fullwidth=\u00a0\u00bbon\u00a0\u00bb _builder_version=\u00a0\u00bb4.24.3&Prime; _module_preset=\u00a0\u00bbdefault\u00a0\u00bb pagination_font=\u00a0\u00bbPoppins||||||||\u00a0\u00bb pagination_text_color=\u00a0\u00bb#000000&Prime; hover_enabled=\u00a0\u00bb0&Prime; border_radii=\u00a0\u00bbon|13px|13px|13px|13px\u00a0\u00bb global_colors_info=\u00a0\u00bb{}\u00a0\u00bb sticky_enabled=\u00a0\u00bb0&Prime;][\/et_pb_gallery][\/et_pb_column][et_pb_column type=\u00a0\u00bb1_2&Prime; _builder_version=\u00a0\u00bb4.16&Prime; custom_padding=\u00a0\u00bb|||\u00a0\u00bb global_colors_info=\u00a0\u00bb{}\u00a0\u00bb custom_padding__hover=\u00a0\u00bb|||\u00a0\u00bb][et_pb_text _builder_version=\u00a0\u00bb4.24.3&Prime; _module_preset=\u00a0\u00bbdefault\u00a0\u00bb text_font=\u00a0\u00bbPoppins|700|||||||\u00a0\u00bb text_font_size=\u00a0\u00bb16px\u00a0\u00bb header_2_font=\u00a0\u00bbPoppins||||||||\u00a0\u00bb header_2_text_color=\u00a0\u00bb#0C71C3&Prime; header_4_font=\u00a0\u00bbPoppins|700|||||||\u00a0\u00bb header_4_text_color=\u00a0\u00bb#0C71C3&Prime; hover_enabled=\u00a0\u00bb0&Prime; global_colors_info=\u00a0\u00bb{}\u00a0\u00bb sticky_enabled=\u00a0\u00bb0&Prime;]<\/p>\n<p>MacBook Air M1 coloris <strong>Gold<\/strong>, en <strong>excellent \u00e9tat (Grade A)<\/strong>, id\u00e9al pour le <strong>travail<\/strong>.\u00a0<strong>Caract\u00e9ristiques :<\/strong><\/p>\n<ul>\n<li>Puce Apple M1 ultra performante<\/li>\n<li>8 Go de RAM<\/li>\n<li>256 Go SSD rapide<\/li>\n<li>\u00c9cran Retina haute r\u00e9solution<\/li>\n<li>Batterie <strong>neuve<\/strong> (autonomie optimale)<\/li>\n<li>Syst\u00e8me install\u00e9 : <strong>macOS Tahoe \u2013 derni\u00e8re mise \u00e0 jour<\/strong><\/li>\n<\/ul>\n<p>\u00a0<strong>Inclus :<\/strong><\/p>\n<ul>\n<li>Chargeur officiel Apple<\/li>\n<li>Mac pr\u00eat \u00e0 l\u2019emploi<\/li>\n<\/ul>\n<p>\u00a0<strong>\u00c9tat :<\/strong><\/p>\n<ul>\n<li>Grade A \u2192 tr\u00e8s propre, quasi aucune trace d\u2019usure<\/li>\n<\/ul>\n<p>\u00a0<strong>Garantie : 9 mois<\/strong><\/p>\n<p>\u00a0<strong>Prix : 700\u20ac\u200b<\/strong><\/p>\n<p>[\/et_pb_text][\/et_pb_column][\/et_pb_row][\/et_pb_section]<\/p>\n","protected":false},"excerpt":{"rendered":"<p>D\u00e9couvrez notre s\u00e9lection de produits Apple d&rsquo;occasion en Guadeloupe et b\u00e9n\u00e9ficiez de garanties et de possibilit\u00e9s de paiement flexibles pour vous offrir les derniers mod\u00e8les \u00e0 prix r\u00e9duit. Chez Ibros, nous vous proposons des MacBook Air, MacBook Pro, iPhone, Ipad iMac et autres appareils reconditionn\u00e9s avec soin en Guadeloupe, \u00e9galement des mod\u00e8les d&rsquo;occasions pr\u00eats \u00e0 [&hellip;]<\/p>\n","protected":false},"author":1,"featured_media":0,"parent":0,"menu_order":0,"comment_status":"closed","ping_status":"closed","template":"","meta":{"_et_pb_use_builder":"on","_et_pb_old_content":"","_et_gb_content_width":"","footnotes":""},"class_list":["post-49487","page","type-page","status-publish","hentry"],"yoast_head":"<!-- This site is optimized with the Yoast SEO plugin v26.6 - https:\/\/yoast.com\/wordpress\/plugins\/seo\/ -->\n<title>Occasions Apple | Ibros<\/title>\n<meta name=\"robots\" content=\"index, follow, max-snippet:-1, max-image-preview:large, max-video-preview:-1\" \/>\n<link rel=\"canonical\" href=\"https:\/\/www.ibros.fr\/?page_id=49487\" \/>\n<meta property=\"og:locale\" content=\"fr_FR\" \/>\n<meta property=\"og:type\" content=\"article\" \/>\n<meta property=\"og:title\" content=\"Occasions Apple | Ibros\" \/>\n<meta property=\"og:description\" content=\"D\u00e9couvrez notre s\u00e9lection de produits Apple d&#039;occasion en Guadeloupe et b\u00e9n\u00e9ficiez de garanties et de possibilit\u00e9s de paiement flexibles pour vous offrir les derniers mod\u00e8les \u00e0 prix r\u00e9duit. Chez Ibros, nous vous proposons des MacBook Air, MacBook Pro, iPhone, Ipad iMac et autres appareils reconditionn\u00e9s avec soin en Guadeloupe, \u00e9galement des mod\u00e8les d&#039;occasions pr\u00eats \u00e0 [&hellip;]\" \/>\n<meta property=\"og:url\" content=\"https:\/\/www.ibros.fr\/?page_id=49487\" \/>\n<meta property=\"og:site_name\" content=\"Ibros\" \/>\n<meta property=\"article:publisher\" content=\"https:\/\/www.facebook.com\/IBros-Informatique-de-proximit%c3%a9-697463817307367\/\" \/>\n<meta property=\"article:modified_time\" content=\"2026-04-06T14:47:00+00:00\" \/>\n<meta name=\"twitter:label1\" content=\"Dur\u00e9e de lecture estim\u00e9e\" \/>\n\t<meta name=\"twitter:data1\" content=\"2 minutes\" \/>\n<script type=\"application\/ld+json\" class=\"yoast-schema-graph\">{\"@context\":\"https:\/\/schema.org\",\"@graph\":[{\"@type\":\"WebPage\",\"@id\":\"https:\/\/www.ibros.fr\/?page_id=49487\",\"url\":\"https:\/\/www.ibros.fr\/?page_id=49487\",\"name\":\"Occasions Apple | Ibros\",\"isPartOf\":{\"@id\":\"http:\/\/www.ibros.fr\/#website\"},\"datePublished\":\"2023-04-26T21:52:59+00:00\",\"dateModified\":\"2026-04-06T14:47:00+00:00\",\"breadcrumb\":{\"@id\":\"https:\/\/www.ibros.fr\/?page_id=49487#breadcrumb\"},\"inLanguage\":\"fr-FR\",\"potentialAction\":[{\"@type\":\"ReadAction\",\"target\":[\"https:\/\/www.ibros.fr\/?page_id=49487\"]}]},{\"@type\":\"BreadcrumbList\",\"@id\":\"https:\/\/www.ibros.fr\/?page_id=49487#breadcrumb\",\"itemListElement\":[{\"@type\":\"ListItem\",\"position\":1,\"name\":\"Accueil\",\"item\":\"http:\/\/www.ibros.fr\/\"},{\"@type\":\"ListItem\",\"position\":2,\"name\":\"Occasions Apple\"}]},{\"@type\":\"WebSite\",\"@id\":\"http:\/\/www.ibros.fr\/#website\",\"url\":\"http:\/\/www.ibros.fr\/\",\"name\":\"Ibros\",\"description\":\"E-marketing de proximit\u00e9\",\"publisher\":{\"@id\":\"http:\/\/www.ibros.fr\/#organization\"},\"potentialAction\":[{\"@type\":\"SearchAction\",\"target\":{\"@type\":\"EntryPoint\",\"urlTemplate\":\"http:\/\/www.ibros.fr\/?s={search_term_string}\"},\"query-input\":{\"@type\":\"PropertyValueSpecification\",\"valueRequired\":true,\"valueName\":\"search_term_string\"}}],\"inLanguage\":\"fr-FR\"},{\"@type\":\"Organization\",\"@id\":\"http:\/\/www.ibros.fr\/#organization\",\"name\":\"iBros\",\"url\":\"http:\/\/www.ibros.fr\/\",\"logo\":{\"@type\":\"ImageObject\",\"inLanguage\":\"fr-FR\",\"@id\":\"http:\/\/www.ibros.fr\/#\/schema\/logo\/image\/\",\"url\":\"https:\/\/www.ibros.fr\/wp-content\/uploads\/2018\/10\/55287d3e-4eea-4329-8cbe-166227f51754.png\",\"contentUrl\":\"https:\/\/www.ibros.fr\/wp-content\/uploads\/2018\/10\/55287d3e-4eea-4329-8cbe-166227f51754.png\",\"width\":200,\"height\":200,\"caption\":\"iBros\"},\"image\":{\"@id\":\"http:\/\/www.ibros.fr\/#\/schema\/logo\/image\/\"},\"sameAs\":[\"https:\/\/www.facebook.com\/IBros-Informatique-de-proximit\u00e9-697463817307367\/\"]}]}<\/script>\n<!-- \/ Yoast SEO plugin. -->","yoast_head_json":{"title":"Occasions Apple | Ibros","robots":{"index":"index","follow":"follow","max-snippet":"max-snippet:-1","max-image-preview":"max-image-preview:large","max-video-preview":"max-video-preview:-1"},"canonical":"https:\/\/www.ibros.fr\/?page_id=49487","og_locale":"fr_FR","og_type":"article","og_title":"Occasions Apple | Ibros","og_description":"D\u00e9couvrez notre s\u00e9lection de produits Apple d'occasion en Guadeloupe et b\u00e9n\u00e9ficiez de garanties et de possibilit\u00e9s de paiement flexibles pour vous offrir les derniers mod\u00e8les \u00e0 prix r\u00e9duit. Chez Ibros, nous vous proposons des MacBook Air, MacBook Pro, iPhone, Ipad iMac et autres appareils reconditionn\u00e9s avec soin en Guadeloupe, \u00e9galement des mod\u00e8les d'occasions pr\u00eats \u00e0 [&hellip;]","og_url":"https:\/\/www.ibros.fr\/?page_id=49487","og_site_name":"Ibros","article_publisher":"https:\/\/www.facebook.com\/IBros-Informatique-de-proximit%c3%a9-697463817307367\/","article_modified_time":"2026-04-06T14:47:00+00:00","twitter_misc":{"Dur\u00e9e de lecture estim\u00e9e":"2 minutes"},"schema":{"@context":"https:\/\/schema.org","@graph":[{"@type":"WebPage","@id":"https:\/\/www.ibros.fr\/?page_id=49487","url":"https:\/\/www.ibros.fr\/?page_id=49487","name":"Occasions Apple | Ibros","isPartOf":{"@id":"http:\/\/www.ibros.fr\/#website"},"datePublished":"2023-04-26T21:52:59+00:00","dateModified":"2026-04-06T14:47:00+00:00","breadcrumb":{"@id":"https:\/\/www.ibros.fr\/?page_id=49487#breadcrumb"},"inLanguage":"fr-FR","potentialAction":[{"@type":"ReadAction","target":["https:\/\/www.ibros.fr\/?page_id=49487"]}]},{"@type":"BreadcrumbList","@id":"https:\/\/www.ibros.fr\/?page_id=49487#breadcrumb","itemListElement":[{"@type":"ListItem","position":1,"name":"Accueil","item":"http:\/\/www.ibros.fr\/"},{"@type":"ListItem","position":2,"name":"Occasions Apple"}]},{"@type":"WebSite","@id":"http:\/\/www.ibros.fr\/#website","url":"http:\/\/www.ibros.fr\/","name":"Ibros","description":"E-marketing de proximit\u00e9","publisher":{"@id":"http:\/\/www.ibros.fr\/#organization"},"potentialAction":[{"@type":"SearchAction","target":{"@type":"EntryPoint","urlTemplate":"http:\/\/www.ibros.fr\/?s={search_term_string}"},"query-input":{"@type":"PropertyValueSpecification","valueRequired":true,"valueName":"search_term_string"}}],"inLanguage":"fr-FR"},{"@type":"Organization","@id":"http:\/\/www.ibros.fr\/#organization","name":"iBros","url":"http:\/\/www.ibros.fr\/","logo":{"@type":"ImageObject","inLanguage":"fr-FR","@id":"http:\/\/www.ibros.fr\/#\/schema\/logo\/image\/","url":"https:\/\/www.ibros.fr\/wp-content\/uploads\/2018\/10\/55287d3e-4eea-4329-8cbe-166227f51754.png","contentUrl":"https:\/\/www.ibros.fr\/wp-content\/uploads\/2018\/10\/55287d3e-4eea-4329-8cbe-166227f51754.png","width":200,"height":200,"caption":"iBros"},"image":{"@id":"http:\/\/www.ibros.fr\/#\/schema\/logo\/image\/"},"sameAs":["https:\/\/www.facebook.com\/IBros-Informatique-de-proximit\u00e9-697463817307367\/"]}]}},"_links":{"self":[{"href":"https:\/\/www.ibros.fr\/index.php?rest_route=\/wp\/v2\/pages\/49487","targetHints":{"allow":["GET"]}}],"collection":[{"href":"https:\/\/www.ibros.fr\/index.php?rest_route=\/wp\/v2\/pages"}],"about":[{"href":"https:\/\/www.ibros.fr\/index.php?rest_route=\/wp\/v2\/types\/page"}],"author":[{"embeddable":true,"href":"https:\/\/www.ibros.fr\/index.php?rest_route=\/wp\/v2\/users\/1"}],"replies":[{"embeddable":true,"href":"https:\/\/www.ibros.fr\/index.php?rest_route=%2Fwp%2Fv2%2Fcomments&post=49487"}],"version-history":[{"count":84,"href":"https:\/\/www.ibros.fr\/index.php?rest_route=\/wp\/v2\/pages\/49487\/revisions"}],"predecessor-version":[{"id":50747,"href":"https:\/\/www.ibros.fr\/index.php?rest_route=\/wp\/v2\/pages\/49487\/revisions\/50747"}],"wp:attachment":[{"href":"https:\/\/www.ibros.fr\/index.php?rest_route=%2Fwp%2Fv2%2Fmedia&parent=49487"}],"curies":[{"name":"wp","href":"https:\/\/api.w.org\/{rel}","templated":true}]}}