{"id":45,"date":"2018-08-17T01:38:50","date_gmt":"2018-08-17T00:38:50","guid":{"rendered":"http:\/\/ibros.fr\/?page_id=45"},"modified":"2026-02-28T13:21:28","modified_gmt":"2026-02-28T17:21:28","slug":"a-propos","status":"publish","type":"page","link":"https:\/\/www.ibros.fr\/?page_id=45","title":{"rendered":"A propos"},"content":{"rendered":"<p>[et_pb_section fb_built=\u00a0\u00bb1&Prime; custom_padding_last_edited=\u00a0\u00bbon|phone\u00a0\u00bb _builder_version=\u00a0\u00bb4.16&Prime; use_background_color_gradient=\u00a0\u00bbon\u00a0\u00bb background_color_gradient_direction=\u00a0\u00bb90deg\u00a0\u00bb background_color_gradient_stops=\u00a0\u00bb#0c71c3 0%|#3c3f63 100%\u00a0\u00bb background_color_gradient_start=\u00a0\u00bb#0c71c3&Prime; background_color_gradient_end=\u00a0\u00bb#3c3f63&Prime; custom_padding=\u00a0\u00bb90px||90px||true\u00a0\u00bb custom_padding_tablet=\u00a0\u00bb\u00a0\u00bb custom_padding_phone=\u00a0\u00bb50px||50px||true\u00a0\u00bb global_colors_info=\u00a0\u00bb{}\u00a0\u00bb][et_pb_row _builder_version=\u00a0\u00bb4.16&Prime; global_colors_info=\u00a0\u00bb{}\u00a0\u00bb][et_pb_column type=\u00a0\u00bb4_4&Prime; _builder_version=\u00a0\u00bb4.16&Prime; custom_padding=\u00a0\u00bb|||\u00a0\u00bb global_colors_info=\u00a0\u00bb{}\u00a0\u00bb custom_padding__hover=\u00a0\u00bb|||\u00a0\u00bb][et_pb_text _builder_version=\u00a0\u00bb4.16&Prime; text_font=\u00a0\u00bbPoppins|700|||||||\u00a0\u00bb text_text_color=\u00a0\u00bb#ffffff\u00a0\u00bb header_font=\u00a0\u00bbPoppins|700|||||||\u00a0\u00bb header_text_color=\u00a0\u00bb#ffffff\u00a0\u00bb header_font_size=\u00a0\u00bb61px\u00a0\u00bb global_colors_info=\u00a0\u00bb{}\u00a0\u00bb]<\/p>\n<h1>A propos.<\/h1>\n<p>[\/et_pb_text][\/et_pb_column][\/et_pb_row][\/et_pb_section][et_pb_section fb_built=\u00a0\u00bb1&Prime; _builder_version=\u00a0\u00bb4.16&Prime; custom_padding=\u00a0\u00bb0|0px|0|0px|false|false\u00a0\u00bb animation_style=\u00a0\u00bbfade\u00a0\u00bb animation_starting_opacity=\u00a0\u00bb19%\u00a0\u00bb animation_speed_curve=\u00a0\u00bblinear\u00a0\u00bb global_colors_info=\u00a0\u00bb{}\u00a0\u00bb][et_pb_row module_class=\u00a0\u00bb et_pb_row_fullwidth\u00a0\u00bb _builder_version=\u00a0\u00bb4.16&Prime; width=\u00a0\u00bb89%\u00a0\u00bb width_tablet=\u00a0\u00bb80%\u00a0\u00bb width_phone=\u00a0\u00bb\u00a0\u00bb width_last_edited=\u00a0\u00bbon|desktop\u00a0\u00bb max_width=\u00a0\u00bb89%\u00a0\u00bb max_width_tablet=\u00a0\u00bb80%\u00a0\u00bb max_width_phone=\u00a0\u00bb\u00a0\u00bb max_width_last_edited=\u00a0\u00bbon|desktop\u00a0\u00bb custom_padding=\u00a0\u00bb25.6px|0px|4px|0px|false|false\u00a0\u00bb make_fullwidth=\u00a0\u00bbon\u00a0\u00bb global_colors_info=\u00a0\u00bb{}\u00a0\u00bb][et_pb_column type=\u00a0\u00bb4_4&Prime; _builder_version=\u00a0\u00bb4.16&Prime; custom_padding=\u00a0\u00bb|||\u00a0\u00bb global_colors_info=\u00a0\u00bb{}\u00a0\u00bb custom_padding__hover=\u00a0\u00bb|||\u00a0\u00bb][et_pb_text _builder_version=\u00a0\u00bb4.16&Prime; global_colors_info=\u00a0\u00bb{}\u00a0\u00bb]<\/p>\n<h1><\/h1>\n<p>[\/et_pb_text][\/et_pb_column][\/et_pb_row][et_pb_row column_structure=\u00a0\u00bb1_2,1_2&Prime; use_custom_gutter=\u00a0\u00bbon\u00a0\u00bb make_equal=\u00a0\u00bbon\u00a0\u00bb module_class=\u00a0\u00bb et_pb_row_fullwidth\u00a0\u00bb _builder_version=\u00a0\u00bb4.16&Prime; width=\u00a0\u00bb89%\u00a0\u00bb width_tablet=\u00a0\u00bb80%\u00a0\u00bb width_phone=\u00a0\u00bb\u00a0\u00bb width_last_edited=\u00a0\u00bbon|desktop\u00a0\u00bb max_width=\u00a0\u00bb89%\u00a0\u00bb max_width_tablet=\u00a0\u00bb80%\u00a0\u00bb max_width_phone=\u00a0\u00bb\u00a0\u00bb max_width_last_edited=\u00a0\u00bbon|desktop\u00a0\u00bb module_alignment=\u00a0\u00bbcenter\u00a0\u00bb custom_padding=\u00a0\u00bb16px|0px|0|0px|false|false\u00a0\u00bb make_fullwidth=\u00a0\u00bbon\u00a0\u00bb global_colors_info=\u00a0\u00bb{}\u00a0\u00bb][et_pb_column type=\u00a0\u00bb1_2&Prime; _builder_version=\u00a0\u00bb4.16&Prime; custom_padding=\u00a0\u00bb|||\u00a0\u00bb global_colors_info=\u00a0\u00bb{}\u00a0\u00bb custom_padding__hover=\u00a0\u00bb|||\u00a0\u00bb][et_pb_text _builder_version=\u00a0\u00bb4.16&Prime; text_font=\u00a0\u00bbPoppins|700|||||||\u00a0\u00bb text_text_color=\u00a0\u00bb#000000&Prime; header_font=\u00a0\u00bb||||||||\u00a0\u00bb header_text_color=\u00a0\u00bb#000000&Prime; custom_margin=\u00a0\u00bb-8px|||\u00a0\u00bb global_colors_info=\u00a0\u00bb{}\u00a0\u00bb]<\/p>\n<h1><\/h1>\n<h1><strong>Ibros<\/strong><\/h1>\n<p>Soci\u00e9t\u00e9 Informatique de proximit\u00e9. Ibros, a pour vocation premi\u00e8re de vous proposer une assistance Apple et des produits E-Marketing.<\/p>\n<p>Nous pouvons intervenir sur votre lieu de travail ou \u00e0 votre domicile. Nous am\u00e9liorons votre utilisation de vos produits grace \u00e0 des solutions pour booster votre Macbook Air Mac et MacBook Pro.<\/p>\n<p>[\/et_pb_text][\/et_pb_column][et_pb_column type=\u00a0\u00bb1_2&Prime; _builder_version=\u00a0\u00bb4.16&Prime; custom_padding=\u00a0\u00bb|||\u00a0\u00bb global_colors_info=\u00a0\u00bb{}\u00a0\u00bb custom_padding__hover=\u00a0\u00bb|||\u00a0\u00bb][et_pb_text _builder_version=\u00a0\u00bb4.24.3&Prime; text_font=\u00a0\u00bb||||||||\u00a0\u00bb text_text_color=\u00a0\u00bb#000000&Prime; link_font=\u00a0\u00bbPoppins|700|||||||\u00a0\u00bb header_font=\u00a0\u00bb||||||||\u00a0\u00bb header_text_color=\u00a0\u00bb#000000&Prime; custom_margin=\u00a0\u00bb-5px|||\u00a0\u00bb global_colors_info=\u00a0\u00bb{}\u00a0\u00bb]<\/p>\n<h1>,Expert cr\u00e9ation site web<\/h1>\n<p><strong>Technicien Certifi\u00e9 Apple<\/strong>, ayant travaill\u00e9 3 ans en Irlande en tant que <strong>Superviseur Technique du <a href=\"https:\/\/support.apple.com\/fr-ca\" target=\"_blank\" rel=\"noopener noreferrer\">support t\u00e9l\u00e9phonique d\u2019AppleCare<\/a><\/strong>. Il ma\u00eetrise donc les rouages, les techniques de r\u00e9solution d\u2019isolation de probl\u00e8mes logiciels et mat\u00e9riels de vos produits.<br \/>Ayant fait ses preuves chez Applecare, ainsi que le tour complet de r\u00e9solutions de probl\u00e8mes logiciels, Garrison d\u00e9cide de rejoindre la Martinique en tant que Technicien certifi\u00e9 au centre de r\u00e9paration agr\u00e9\u00e9 d&rsquo;Apple. <strong>Il devient donc Expert en r\u00e9paration,iMac, Macbook pro Air avec la m\u00e9thodologie et les conditions de s\u00e9curit\u00e9 impos\u00e9 par le fabricant.<br \/><\/strong><\/p>\n<p>[\/et_pb_text][\/et_pb_column][\/et_pb_row][\/et_pb_section][et_pb_section fb_built=\u00a0\u00bb1&Prime; _builder_version=\u00a0\u00bb4.16&Prime; custom_padding=\u00a0\u00bb0|0px|13px|0px|false|false\u00a0\u00bb global_colors_info=\u00a0\u00bb{}\u00a0\u00bb][et_pb_row _builder_version=\u00a0\u00bb4.16&Prime; global_colors_info=\u00a0\u00bb{}\u00a0\u00bb][et_pb_column type=\u00a0\u00bb4_4&Prime; _builder_version=\u00a0\u00bb4.16&Prime; custom_padding=\u00a0\u00bb|||\u00a0\u00bb global_colors_info=\u00a0\u00bb{}\u00a0\u00bb custom_padding__hover=\u00a0\u00bb|||\u00a0\u00bb][et_pb_button button_url=\u00a0\u00bbhttps:\/\/www.ibros.fr\/?page_id=508&Prime; button_text=\u00a0\u00bbNous Contacter\u00a0\u00bb button_alignment=\u00a0\u00bbcenter\u00a0\u00bb _builder_version=\u00a0\u00bb4.24.3&Prime; custom_button=\u00a0\u00bbon\u00a0\u00bb button_text_size=\u00a0\u00bb24px\u00a0\u00bb button_text_color=\u00a0\u00bb#0c71c3&Prime; button_border_width=\u00a0\u00bb2px\u00a0\u00bb button_border_color=\u00a0\u00bb#0c71c3&Prime; button_border_radius=\u00a0\u00bb31px\u00a0\u00bb button_font=\u00a0\u00bbMontserrat||||||||\u00a0\u00bb button_icon=\u00a0\u00bb&#x3d;||divi||400&Prime; button_icon_color=\u00a0\u00bb#ffffff\u00a0\u00bb custom_margin=\u00a0\u00bb|||\u00a0\u00bb button_text_color_hover=\u00a0\u00bb#ffffff\u00a0\u00bb button_border_radius_hover=\u00a0\u00bb13px\u00a0\u00bb button_bg_color_hover=\u00a0\u00bb#0c71c3&Prime; global_colors_info=\u00a0\u00bb{}\u00a0\u00bb button_text_size__hover_enabled=\u00a0\u00bboff\u00a0\u00bb button_one_text_size__hover_enabled=\u00a0\u00bboff\u00a0\u00bb button_two_text_size__hover_enabled=\u00a0\u00bboff\u00a0\u00bb button_text_color__hover_enabled=\u00a0\u00bbon\u00a0\u00bb button_text_color__hover=\u00a0\u00bb#ffffff\u00a0\u00bb button_one_text_color__hover_enabled=\u00a0\u00bboff\u00a0\u00bb button_two_text_color__hover_enabled=\u00a0\u00bboff\u00a0\u00bb button_border_width__hover_enabled=\u00a0\u00bboff\u00a0\u00bb button_one_border_width__hover_enabled=\u00a0\u00bboff\u00a0\u00bb button_two_border_width__hover_enabled=\u00a0\u00bboff\u00a0\u00bb button_border_color__hover_enabled=\u00a0\u00bboff\u00a0\u00bb button_one_border_color__hover_enabled=\u00a0\u00bboff\u00a0\u00bb button_two_border_color__hover_enabled=\u00a0\u00bboff\u00a0\u00bb button_border_radius__hover_enabled=\u00a0\u00bbon\u00a0\u00bb button_border_radius__hover=\u00a0\u00bb13px\u00a0\u00bb button_one_border_radius__hover_enabled=\u00a0\u00bboff\u00a0\u00bb button_two_border_radius__hover_enabled=\u00a0\u00bboff\u00a0\u00bb button_letter_spacing__hover_enabled=\u00a0\u00bboff\u00a0\u00bb button_one_letter_spacing__hover_enabled=\u00a0\u00bboff\u00a0\u00bb button_two_letter_spacing__hover_enabled=\u00a0\u00bboff\u00a0\u00bb button_bg_color__hover_enabled=\u00a0\u00bbon\u00a0\u00bb button_bg_color__hover=\u00a0\u00bb#0c71c3&Prime; button_one_bg_color__hover_enabled=\u00a0\u00bboff\u00a0\u00bb button_two_bg_color__hover_enabled=\u00a0\u00bboff\u00a0\u00bb][\/et_pb_button][\/et_pb_column][\/et_pb_row][\/et_pb_section]<\/p>\n","protected":false},"excerpt":{"rendered":"<p>A propos. Ibros Soci\u00e9t\u00e9 Informatique de proximit\u00e9. Ibros, a pour vocation premi\u00e8re de vous proposer une assistance Apple et des produits E-Marketing. Nous pouvons intervenir sur votre lieu de travail ou \u00e0 votre domicile. Nous am\u00e9liorons votre utilisation de vos produits grace \u00e0 des solutions pour booster votre Macbook Air Mac et MacBook Pro.,Expert cr\u00e9ation [&hellip;]<\/p>\n","protected":false},"author":1,"featured_media":0,"parent":0,"menu_order":0,"comment_status":"closed","ping_status":"closed","template":"","meta":{"_et_pb_use_builder":"on","_et_pb_old_content":"","_et_gb_content_width":"","footnotes":""},"class_list":["post-45","page","type-page","status-publish","hentry"],"yoast_head":"<!-- This site is optimized with the Yoast SEO plugin v26.6 - https:\/\/yoast.com\/wordpress\/plugins\/seo\/ -->\n<title>Expert Apple en Guadeloupe. Cr\u00e9ation site internet et Application mobile.<\/title>\n<meta name=\"description\" content=\"Ibros, sp\u00e9cialis\u00e9 dans l&#039;assistance Apple et solutions e-marketing, vous propose aussi des r\u00e9parations PC et une assistance informatique PC et logicielle.\" \/>\n<meta name=\"robots\" content=\"index, follow, max-snippet:-1, max-image-preview:large, max-video-preview:-1\" \/>\n<link rel=\"canonical\" href=\"http:\/\/www.ibros.fr\/?page_id=45\" \/>\n<meta property=\"og:locale\" content=\"fr_FR\" \/>\n<meta property=\"og:type\" content=\"article\" \/>\n<meta property=\"og:title\" content=\"Expert Apple en Guadeloupe. Cr\u00e9ation site internet et Application mobile.\" \/>\n<meta property=\"og:description\" content=\"Ibros, sp\u00e9cialis\u00e9 dans l&#039;assistance Apple et solutions e-marketing, vous propose aussi des r\u00e9parations PC et une assistance informatique PC et logicielle.\" \/>\n<meta property=\"og:url\" content=\"http:\/\/www.ibros.fr\/?page_id=45\" \/>\n<meta property=\"og:site_name\" content=\"Ibros\" \/>\n<meta property=\"article:publisher\" content=\"https:\/\/www.facebook.com\/IBros-Informatique-de-proximit%c3%a9-697463817307367\/\" \/>\n<meta property=\"article:modified_time\" content=\"2026-02-28T17:21:28+00:00\" \/>\n<meta name=\"twitter:label1\" content=\"Dur\u00e9e de lecture estim\u00e9e\" \/>\n\t<meta name=\"twitter:data1\" content=\"4 minutes\" \/>\n<script type=\"application\/ld+json\" class=\"yoast-schema-graph\">{\"@context\":\"https:\/\/schema.org\",\"@graph\":[{\"@type\":\"WebPage\",\"@id\":\"http:\/\/www.ibros.fr\/?page_id=45\",\"url\":\"http:\/\/www.ibros.fr\/?page_id=45\",\"name\":\"Expert Apple en Guadeloupe. Cr\u00e9ation site internet et Application mobile.\",\"isPartOf\":{\"@id\":\"http:\/\/www.ibros.fr\/#website\"},\"datePublished\":\"2018-08-17T00:38:50+00:00\",\"dateModified\":\"2026-02-28T17:21:28+00:00\",\"description\":\"Ibros, sp\u00e9cialis\u00e9 dans l'assistance Apple et solutions e-marketing, vous propose aussi des r\u00e9parations PC et une assistance informatique PC et logicielle.\",\"breadcrumb\":{\"@id\":\"http:\/\/www.ibros.fr\/?page_id=45#breadcrumb\"},\"inLanguage\":\"fr-FR\",\"potentialAction\":[{\"@type\":\"ReadAction\",\"target\":[\"http:\/\/www.ibros.fr\/?page_id=45\"]}]},{\"@type\":\"BreadcrumbList\",\"@id\":\"http:\/\/www.ibros.fr\/?page_id=45#breadcrumb\",\"itemListElement\":[{\"@type\":\"ListItem\",\"position\":1,\"name\":\"Accueil\",\"item\":\"http:\/\/www.ibros.fr\/\"},{\"@type\":\"ListItem\",\"position\":2,\"name\":\"A propos\"}]},{\"@type\":\"WebSite\",\"@id\":\"http:\/\/www.ibros.fr\/#website\",\"url\":\"http:\/\/www.ibros.fr\/\",\"name\":\"Ibros\",\"description\":\"E-marketing de proximit\u00e9\",\"publisher\":{\"@id\":\"http:\/\/www.ibros.fr\/#organization\"},\"potentialAction\":[{\"@type\":\"SearchAction\",\"target\":{\"@type\":\"EntryPoint\",\"urlTemplate\":\"http:\/\/www.ibros.fr\/?s={search_term_string}\"},\"query-input\":{\"@type\":\"PropertyValueSpecification\",\"valueRequired\":true,\"valueName\":\"search_term_string\"}}],\"inLanguage\":\"fr-FR\"},{\"@type\":\"Organization\",\"@id\":\"http:\/\/www.ibros.fr\/#organization\",\"name\":\"iBros\",\"url\":\"http:\/\/www.ibros.fr\/\",\"logo\":{\"@type\":\"ImageObject\",\"inLanguage\":\"fr-FR\",\"@id\":\"http:\/\/www.ibros.fr\/#\/schema\/logo\/image\/\",\"url\":\"https:\/\/www.ibros.fr\/wp-content\/uploads\/2018\/10\/55287d3e-4eea-4329-8cbe-166227f51754.png\",\"contentUrl\":\"https:\/\/www.ibros.fr\/wp-content\/uploads\/2018\/10\/55287d3e-4eea-4329-8cbe-166227f51754.png\",\"width\":200,\"height\":200,\"caption\":\"iBros\"},\"image\":{\"@id\":\"http:\/\/www.ibros.fr\/#\/schema\/logo\/image\/\"},\"sameAs\":[\"https:\/\/www.facebook.com\/IBros-Informatique-de-proximit\u00e9-697463817307367\/\"]}]}<\/script>\n<!-- \/ Yoast SEO plugin. -->","yoast_head_json":{"title":"Expert Apple en Guadeloupe. Cr\u00e9ation site internet et Application mobile.","description":"Ibros, sp\u00e9cialis\u00e9 dans l'assistance Apple et solutions e-marketing, vous propose aussi des r\u00e9parations PC et une assistance informatique PC et logicielle.","robots":{"index":"index","follow":"follow","max-snippet":"max-snippet:-1","max-image-preview":"max-image-preview:large","max-video-preview":"max-video-preview:-1"},"canonical":"http:\/\/www.ibros.fr\/?page_id=45","og_locale":"fr_FR","og_type":"article","og_title":"Expert Apple en Guadeloupe. Cr\u00e9ation site internet et Application mobile.","og_description":"Ibros, sp\u00e9cialis\u00e9 dans l'assistance Apple et solutions e-marketing, vous propose aussi des r\u00e9parations PC et une assistance informatique PC et logicielle.","og_url":"http:\/\/www.ibros.fr\/?page_id=45","og_site_name":"Ibros","article_publisher":"https:\/\/www.facebook.com\/IBros-Informatique-de-proximit%c3%a9-697463817307367\/","article_modified_time":"2026-02-28T17:21:28+00:00","twitter_misc":{"Dur\u00e9e de lecture estim\u00e9e":"4 minutes"},"schema":{"@context":"https:\/\/schema.org","@graph":[{"@type":"WebPage","@id":"http:\/\/www.ibros.fr\/?page_id=45","url":"http:\/\/www.ibros.fr\/?page_id=45","name":"Expert Apple en Guadeloupe. Cr\u00e9ation site internet et Application mobile.","isPartOf":{"@id":"http:\/\/www.ibros.fr\/#website"},"datePublished":"2018-08-17T00:38:50+00:00","dateModified":"2026-02-28T17:21:28+00:00","description":"Ibros, sp\u00e9cialis\u00e9 dans l'assistance Apple et solutions e-marketing, vous propose aussi des r\u00e9parations PC et une assistance informatique PC et logicielle.","breadcrumb":{"@id":"http:\/\/www.ibros.fr\/?page_id=45#breadcrumb"},"inLanguage":"fr-FR","potentialAction":[{"@type":"ReadAction","target":["http:\/\/www.ibros.fr\/?page_id=45"]}]},{"@type":"BreadcrumbList","@id":"http:\/\/www.ibros.fr\/?page_id=45#breadcrumb","itemListElement":[{"@type":"ListItem","position":1,"name":"Accueil","item":"http:\/\/www.ibros.fr\/"},{"@type":"ListItem","position":2,"name":"A propos"}]},{"@type":"WebSite","@id":"http:\/\/www.ibros.fr\/#website","url":"http:\/\/www.ibros.fr\/","name":"Ibros","description":"E-marketing de proximit\u00e9","publisher":{"@id":"http:\/\/www.ibros.fr\/#organization"},"potentialAction":[{"@type":"SearchAction","target":{"@type":"EntryPoint","urlTemplate":"http:\/\/www.ibros.fr\/?s={search_term_string}"},"query-input":{"@type":"PropertyValueSpecification","valueRequired":true,"valueName":"search_term_string"}}],"inLanguage":"fr-FR"},{"@type":"Organization","@id":"http:\/\/www.ibros.fr\/#organization","name":"iBros","url":"http:\/\/www.ibros.fr\/","logo":{"@type":"ImageObject","inLanguage":"fr-FR","@id":"http:\/\/www.ibros.fr\/#\/schema\/logo\/image\/","url":"https:\/\/www.ibros.fr\/wp-content\/uploads\/2018\/10\/55287d3e-4eea-4329-8cbe-166227f51754.png","contentUrl":"https:\/\/www.ibros.fr\/wp-content\/uploads\/2018\/10\/55287d3e-4eea-4329-8cbe-166227f51754.png","width":200,"height":200,"caption":"iBros"},"image":{"@id":"http:\/\/www.ibros.fr\/#\/schema\/logo\/image\/"},"sameAs":["https:\/\/www.facebook.com\/IBros-Informatique-de-proximit\u00e9-697463817307367\/"]}]}},"_links":{"self":[{"href":"https:\/\/www.ibros.fr\/index.php?rest_route=\/wp\/v2\/pages\/45","targetHints":{"allow":["GET"]}}],"collection":[{"href":"https:\/\/www.ibros.fr\/index.php?rest_route=\/wp\/v2\/pages"}],"about":[{"href":"https:\/\/www.ibros.fr\/index.php?rest_route=\/wp\/v2\/types\/page"}],"author":[{"embeddable":true,"href":"https:\/\/www.ibros.fr\/index.php?rest_route=\/wp\/v2\/users\/1"}],"replies":[{"embeddable":true,"href":"https:\/\/www.ibros.fr\/index.php?rest_route=%2Fwp%2Fv2%2Fcomments&post=45"}],"version-history":[{"count":74,"href":"https:\/\/www.ibros.fr\/index.php?rest_route=\/wp\/v2\/pages\/45\/revisions"}],"predecessor-version":[{"id":50720,"href":"https:\/\/www.ibros.fr\/index.php?rest_route=\/wp\/v2\/pages\/45\/revisions\/50720"}],"wp:attachment":[{"href":"https:\/\/www.ibros.fr\/index.php?rest_route=%2Fwp%2Fv2%2Fmedia&parent=45"}],"curies":[{"name":"wp","href":"https:\/\/api.w.org\/{rel}","templated":true}]}}